{"id":794,"date":"2020-08-04T13:23:20","date_gmt":"2020-08-04T10:23:20","guid":{"rendered":"https:\/\/centralplace.ro\/ro\/?page_id=794"},"modified":"2023-11-23T14:11:30","modified_gmt":"2023-11-23T11:11:30","slug":"onisim","status":"publish","type":"page","link":"https:\/\/centralplace.ro\/ro\/onisim\/","title":{"rendered":"Onisim"},"content":{"rendered":"<div id=\"pl-794\"  class=\"panel-layout\" ><div id=\"pg-794-0\"  class=\"panel-grid panel-has-style\" ><div class=\"panel-row-style panel-row-style-for-794-0\" ><div id=\"pgc-794-0-0\"  class=\"panel-grid-cell\" ><div class=\"panel-cell-style panel-cell-style-for-794-0-0\" ><div id=\"panel-794-0-0-0\" class=\"so-panel widget widget_sow-editor panel-first-child\" data-index=\"0\" ><div class=\"proba panel-widget-style panel-widget-style-for-794-0-0-0\" id=\"proba\" ><div\n\t\t\t\n\t\t\tclass=\"so-widget-sow-editor so-widget-sow-editor-base\"\n\t\t\t\n\t\t>\n<div class=\"siteorigin-widget-tinymce textwidget\">\n\t<h2>Ce este Onisim?<\/h2><\/div>\n<\/div><\/div><\/div><div id=\"panel-794-0-0-1\" class=\"so-panel widget widget_text\" data-index=\"1\" >\t\t\t<div class=\"textwidget\"><p>Este un ansamblu de evenimente destinat <strong>tineretului cre\u0219tin<\/strong>. Scopul ei este de a asigura un cadru potrivit pentru genera\u021bia t\u00e2n\u0103r\u0103 modern\u0103, de exemplu: f<strong>ormarea comunit\u0103\u021bii<\/strong> prin cunoa\u0219terea \u0219i dezvoltarea unei <strong>identit\u0103\u021bi corecte<\/strong>; transmiterea<strong> valorilor<\/strong> cre\u0219tine tineretului.<\/p>\n<\/div>\n\t\t<\/div><div id=\"panel-794-0-0-2\" class=\"so-panel widget widget_media_gallery panel-last-child\" data-index=\"2\" ><div class=\"panel-widget-style panel-widget-style-for-794-0-0-2\" >\n\t\t<style type=\"text\/css\">\n\t\t\t#gallery-1 {\n\t\t\t\tmargin: auto;\n\t\t\t}\n\t\t\t#gallery-1 .gallery-item {\n\t\t\t\tfloat: left;\n\t\t\t\tmargin-top: 10px;\n\t\t\t\ttext-align: center;\n\t\t\t\twidth: 100%;\n\t\t\t}\n\t\t\t#gallery-1 img {\n\t\t\t\tborder: 2px solid #cfcfcf;\n\t\t\t}\n\t\t\t#gallery-1 .gallery-caption {\n\t\t\t\tmargin-left: 0;\n\t\t\t}\n\t\t\t\/* see gallery_shortcode() in wp-includes\/media.php *\/\n\t\t<\/style>\n\t\t<div id='gallery-1' class='gallery galleryid-794 gallery-columns-1 gallery-size-full'><dl class='gallery-item'>\n\t\t\t<dt class='gallery-icon landscape'>\n\t\t\t\t<a href='https:\/\/centralplace.ro\/ro\/wp-content\/uploads\/2020\/06\/65056857_478325396256133_6571022997618950144_n-scaled.jpg'><img fetchpriority=\"high\" decoding=\"async\" width=\"2560\" height=\"1528\" src=\"https:\/\/centralplace.ro\/ro\/wp-content\/uploads\/2020\/06\/65056857_478325396256133_6571022997618950144_n-scaled.jpg\" class=\"attachment-full size-full\" alt=\"\" srcset=\"https:\/\/centralplace.ro\/ro\/wp-content\/uploads\/2020\/06\/65056857_478325396256133_6571022997618950144_n-scaled.jpg 2560w, https:\/\/centralplace.ro\/ro\/wp-content\/uploads\/2020\/06\/65056857_478325396256133_6571022997618950144_n-300x179.jpg 300w, https:\/\/centralplace.ro\/ro\/wp-content\/uploads\/2020\/06\/65056857_478325396256133_6571022997618950144_n-1024x611.jpg 1024w, https:\/\/centralplace.ro\/ro\/wp-content\/uploads\/2020\/06\/65056857_478325396256133_6571022997618950144_n-768x458.jpg 768w, https:\/\/centralplace.ro\/ro\/wp-content\/uploads\/2020\/06\/65056857_478325396256133_6571022997618950144_n-1536x917.jpg 1536w, https:\/\/centralplace.ro\/ro\/wp-content\/uploads\/2020\/06\/65056857_478325396256133_6571022997618950144_n-2048x1222.jpg 2048w\" sizes=\"(max-width: 2560px) 100vw, 2560px\" \/><\/a>\n\t\t\t<\/dt><\/dl><br style=\"clear: both\" \/>\n\t\t<\/div>\n<\/div><\/div><\/div><\/div><\/div><\/div><div id=\"pg-794-1\"  class=\"panel-grid panel-no-style\" ><div id=\"pgc-794-1-0\"  class=\"panel-grid-cell\" ><div id=\"panel-794-1-0-0\" class=\"so-panel widget widget_sow-editor panel-first-child\" data-index=\"3\" ><div class=\"panel-widget-style panel-widget-style-for-794-1-0-0\" ><div\n\t\t\t\n\t\t\tclass=\"so-widget-sow-editor so-widget-sow-editor-base\"\n\t\t\t\n\t\t>\n<div class=\"siteorigin-widget-tinymce textwidget\">\n\t<h2>Scopuri principale:<\/h2>\n<\/div>\n<\/div><\/div><\/div><div id=\"panel-794-1-0-1\" class=\"so-panel widget widget_text panel-last-child\" data-index=\"4\" ><div class=\"panel-widget-style panel-widget-style-for-794-1-0-1\" >\t\t\t<div class=\"textwidget\">\n<li>Scoaterea tinerilor din lumea virtual\u0103 creat\u0103 de internet \u0219i media, <strong>\u00eenv\u0103\u021barea<\/strong> interac\u021biilor sociale corecte \u00een lumea real\u0103.<\/li>\n<li>Asigurarea \u0219anselor ca tinerii s\u0103 ias\u0103 din zona de confort prin diferite programe: team-building \u0219i discu\u021bii individuale cu un mentor.<\/li>\n<\/div>\n\t\t<\/div><\/div><\/div><div id=\"pgc-794-1-1\"  class=\"panel-grid-cell\" ><div id=\"panel-794-1-1-0\" class=\"so-panel widget widget_media_gallery panel-first-child panel-last-child\" data-index=\"5\" ><div class=\"gallery-columns-1 panel-widget-style panel-widget-style-for-794-1-1-0\" >\n\t\t<style type=\"text\/css\">\n\t\t\t#gallery-2 {\n\t\t\t\tmargin: auto;\n\t\t\t}\n\t\t\t#gallery-2 .gallery-item {\n\t\t\t\tfloat: left;\n\t\t\t\tmargin-top: 10px;\n\t\t\t\ttext-align: center;\n\t\t\t\twidth: 100%;\n\t\t\t}\n\t\t\t#gallery-2 img {\n\t\t\t\tborder: 2px solid #cfcfcf;\n\t\t\t}\n\t\t\t#gallery-2 .gallery-caption {\n\t\t\t\tmargin-left: 0;\n\t\t\t}\n\t\t\t\/* see gallery_shortcode() in wp-includes\/media.php *\/\n\t\t<\/style>\n\t\t<div id='gallery-2' class='gallery galleryid-794 gallery-columns-1 gallery-size-full'><dl class='gallery-item'>\n\t\t\t<dt class='gallery-icon landscape'>\n\t\t\t\t<a href='https:\/\/centralplace.ro\/ro\/wp-content\/uploads\/2020\/07\/2020Lesi-hetvege-31-e1596450147809.jpg'><img decoding=\"async\" width=\"2029\" height=\"999\" src=\"https:\/\/centralplace.ro\/ro\/wp-content\/uploads\/2020\/07\/2020Lesi-hetvege-31-e1596450147809.jpg\" class=\"attachment-full size-full\" alt=\"\" srcset=\"https:\/\/centralplace.ro\/ro\/wp-content\/uploads\/2020\/07\/2020Lesi-hetvege-31-e1596450147809.jpg 2029w, https:\/\/centralplace.ro\/ro\/wp-content\/uploads\/2020\/07\/2020Lesi-hetvege-31-e1596450147809-300x148.jpg 300w, https:\/\/centralplace.ro\/ro\/wp-content\/uploads\/2020\/07\/2020Lesi-hetvege-31-e1596450147809-1024x504.jpg 1024w, https:\/\/centralplace.ro\/ro\/wp-content\/uploads\/2020\/07\/2020Lesi-hetvege-31-e1596450147809-768x378.jpg 768w, https:\/\/centralplace.ro\/ro\/wp-content\/uploads\/2020\/07\/2020Lesi-hetvege-31-e1596450147809-1536x756.jpg 1536w\" sizes=\"(max-width: 2029px) 100vw, 2029px\" \/><\/a>\n\t\t\t<\/dt><\/dl><br style=\"clear: both\" \/>\n\t\t<\/div>\n<\/div><\/div><\/div><\/div><div id=\"pg-794-2\"  class=\"panel-grid panel-has-style\" ><div class=\"siteorigin-panels-stretch panel-row-style panel-row-style-for-794-2\" data-stretch-type=\"full\" ><div id=\"pgc-794-2-0\"  class=\"panel-grid-cell\" ><div id=\"panel-794-2-0-0\" class=\"so-panel widget widget_sow-editor panel-first-child panel-last-child\" data-index=\"6\" ><div class=\"panel-widget-style panel-widget-style-for-794-2-0-0\" ><div\n\t\t\t\n\t\t\tclass=\"so-widget-sow-editor so-widget-sow-editor-base\"\n\t\t\t\n\t\t>\n<div class=\"siteorigin-widget-tinymce textwidget\">\n\t<h2>2 categorii ale posibilit\u0103\u021bilor proiectului Onisim:<\/h2>\n<\/div>\n<\/div><\/div><\/div><\/div><\/div><\/div><div id=\"pg-794-3\"  class=\"panel-grid panel-no-style\" ><div id=\"pgc-794-3-0\"  class=\"panel-grid-cell\" ><div id=\"panel-794-3-0-0\" class=\"so-panel widget widget_media_gallery panel-first-child panel-last-child\" data-index=\"7\" ><div class=\"gallery-columns-1 panel-widget-style panel-widget-style-for-794-3-0-0\" >\n\t\t<style type=\"text\/css\">\n\t\t\t#gallery-3 {\n\t\t\t\tmargin: auto;\n\t\t\t}\n\t\t\t#gallery-3 .gallery-item {\n\t\t\t\tfloat: left;\n\t\t\t\tmargin-top: 10px;\n\t\t\t\ttext-align: center;\n\t\t\t\twidth: 100%;\n\t\t\t}\n\t\t\t#gallery-3 img {\n\t\t\t\tborder: 2px solid #cfcfcf;\n\t\t\t}\n\t\t\t#gallery-3 .gallery-caption {\n\t\t\t\tmargin-left: 0;\n\t\t\t}\n\t\t\t\/* see gallery_shortcode() in wp-includes\/media.php *\/\n\t\t<\/style>\n\t\t<div id='gallery-3' class='gallery galleryid-794 gallery-columns-1 gallery-size-large'><dl class='gallery-item'>\n\t\t\t<dt class='gallery-icon landscape'>\n\t\t\t\t<a href='https:\/\/centralplace.ro\/ro\/wp-content\/uploads\/2020\/06\/DSC_2375-scaled.jpg'><img decoding=\"async\" width=\"1024\" height=\"678\" src=\"https:\/\/centralplace.ro\/ro\/wp-content\/uploads\/2020\/06\/DSC_2375-1024x678.jpg\" class=\"attachment-large size-large\" alt=\"\" srcset=\"https:\/\/centralplace.ro\/ro\/wp-content\/uploads\/2020\/06\/DSC_2375-1024x678.jpg 1024w, https:\/\/centralplace.ro\/ro\/wp-content\/uploads\/2020\/06\/DSC_2375-300x199.jpg 300w, https:\/\/centralplace.ro\/ro\/wp-content\/uploads\/2020\/06\/DSC_2375-768x509.jpg 768w, https:\/\/centralplace.ro\/ro\/wp-content\/uploads\/2020\/06\/DSC_2375-1536x1017.jpg 1536w, https:\/\/centralplace.ro\/ro\/wp-content\/uploads\/2020\/06\/DSC_2375-2048x1356.jpg 2048w\" sizes=\"(max-width: 1024px) 100vw, 1024px\" \/><\/a>\n\t\t\t<\/dt><\/dl><br style=\"clear: both\" \/>\n\t\t<\/div>\n<\/div><\/div><\/div><div id=\"pgc-794-3-1\"  class=\"panel-grid-cell\" ><div id=\"panel-794-3-1-0\" class=\"so-panel widget widget_text panel-first-child\" data-index=\"8\" ><div class=\"panel-widget-style panel-widget-style-for-794-3-1-0\" >\t\t\t<div class=\"textwidget\"><h4 style=\"color: green;\"><strong>1. Interac\u021biune \u00eentre genera\u021bii, integrare prin diferite activit\u0103\u021bi:<\/strong><\/h4>\n<\/div>\n\t\t<\/div><\/div><div id=\"panel-794-3-1-1\" class=\"so-panel widget widget_text panel-last-child\" data-index=\"9\" ><div class=\"panel-widget-style panel-widget-style-for-794-3-1-1\" >\t\t\t<div class=\"textwidget\"><p><strong>Studii Biblice<\/strong> pentru b\u0103rba\u021bi \u0219i pentru femei, s<strong>tudii Biblice<\/strong> pentru tineri, <strong>grup de rug\u0103ciuni<\/strong>, <strong>jocuri<\/strong> de societate, <strong>filme<\/strong> cu tematic\u0103 cre\u0219tin\u0103, diferite <strong>ocazii de evanghelizare.<\/strong><br \/>\nAceste activit\u0103\u021bi se desf\u0103\u0219oar\u0103 <strong>s\u0103pt\u0103m\u00e2nal<\/strong> sau <strong>bis\u0103pt\u0103m\u00e2nal<\/strong><\/p>\n<\/div>\n\t\t<\/div><\/div><\/div><\/div><div id=\"pg-794-4\"  class=\"panel-grid panel-no-style\" ><div id=\"pgc-794-4-0\"  class=\"panel-grid-cell\" ><div id=\"panel-794-4-0-0\" class=\"so-panel widget widget_text panel-first-child\" data-index=\"10\" ><div class=\"panel-widget-style panel-widget-style-for-794-4-0-0\" >\t\t\t<div class=\"textwidget\"><h4 style=\"color: green;\"><strong>3. \u00cent\u00e2lnirea cu Dumnezeu prin descoperirea naturii<\/strong><\/h4>\n<\/div>\n\t\t<\/div><\/div><div id=\"panel-794-4-0-1\" class=\"so-panel widget widget_media_gallery\" data-index=\"11\" ><div class=\"gallery-columns-1 panel-widget-style panel-widget-style-for-794-4-0-1\" >\n\t\t<style type=\"text\/css\">\n\t\t\t#gallery-4 {\n\t\t\t\tmargin: auto;\n\t\t\t}\n\t\t\t#gallery-4 .gallery-item {\n\t\t\t\tfloat: left;\n\t\t\t\tmargin-top: 10px;\n\t\t\t\ttext-align: center;\n\t\t\t\twidth: 100%;\n\t\t\t}\n\t\t\t#gallery-4 img {\n\t\t\t\tborder: 2px solid #cfcfcf;\n\t\t\t}\n\t\t\t#gallery-4 .gallery-caption {\n\t\t\t\tmargin-left: 0;\n\t\t\t}\n\t\t\t\/* see gallery_shortcode() in wp-includes\/media.php *\/\n\t\t<\/style>\n\t\t<div id='gallery-4' class='gallery galleryid-794 gallery-columns-1 gallery-size-full'><dl class='gallery-item'>\n\t\t\t<dt class='gallery-icon landscape'>\n\t\t\t\t<a href='https:\/\/centralplace.ro\/ro\/wp-content\/uploads\/2020\/07\/75233398_2198476263591128_2631152271823470592_n.jpg'><img loading=\"lazy\" decoding=\"async\" width=\"2048\" height=\"968\" src=\"https:\/\/centralplace.ro\/ro\/wp-content\/uploads\/2020\/07\/75233398_2198476263591128_2631152271823470592_n.jpg\" class=\"attachment-full size-full\" alt=\"\" srcset=\"https:\/\/centralplace.ro\/ro\/wp-content\/uploads\/2020\/07\/75233398_2198476263591128_2631152271823470592_n.jpg 2048w, https:\/\/centralplace.ro\/ro\/wp-content\/uploads\/2020\/07\/75233398_2198476263591128_2631152271823470592_n-300x142.jpg 300w, https:\/\/centralplace.ro\/ro\/wp-content\/uploads\/2020\/07\/75233398_2198476263591128_2631152271823470592_n-1024x484.jpg 1024w, https:\/\/centralplace.ro\/ro\/wp-content\/uploads\/2020\/07\/75233398_2198476263591128_2631152271823470592_n-768x363.jpg 768w, https:\/\/centralplace.ro\/ro\/wp-content\/uploads\/2020\/07\/75233398_2198476263591128_2631152271823470592_n-1536x726.jpg 1536w\" sizes=\"(max-width: 2048px) 100vw, 2048px\" \/><\/a>\n\t\t\t<\/dt><\/dl><br style=\"clear: both\" \/>\n\t\t<\/div>\n<\/div><\/div><div id=\"panel-794-4-0-2\" class=\"so-panel widget widget_text\" data-index=\"12\" ><div class=\"panel-widget-style panel-widget-style-for-794-4-0-2\" >\t\t\t<div class=\"textwidget\"><p><strong>Organizarea excursiilor<\/strong>, care pe l\u00e2ng\u0103 mobilizarea tinerilor, ofer\u0103 <strong>provocare \u0219i experien\u021be \u00een comunitate<\/strong>.<br \/>\nScopul principal este de a ajuta tinerii <strong>s\u0103 observe<\/strong> miracolele crea\u021biilor lui Dumnezeu prin frumuse\u021bea naturii.<\/p>\n<\/div>\n\t\t<\/div><\/div><div id=\"panel-794-4-0-3\" class=\"so-panel widget widget_text\" data-index=\"13\" ><div class=\"panel-widget-style panel-widget-style-for-794-4-0-3\" >\t\t\t<div class=\"textwidget\"><p>Sunt organizate<strong> anual 4 excursii<\/strong>, \u00een func\u021bie de sezon<\/p>\n<\/div>\n\t\t<\/div><\/div><div id=\"panel-794-4-0-4\" class=\"so-panel widget widget_media_gallery panel-last-child\" data-index=\"14\" ><div class=\"gallery-columns-1 panel-widget-style panel-widget-style-for-794-4-0-4\" >\n\t\t<style type=\"text\/css\">\n\t\t\t#gallery-5 {\n\t\t\t\tmargin: auto;\n\t\t\t}\n\t\t\t#gallery-5 .gallery-item {\n\t\t\t\tfloat: left;\n\t\t\t\tmargin-top: 10px;\n\t\t\t\ttext-align: center;\n\t\t\t\twidth: 100%;\n\t\t\t}\n\t\t\t#gallery-5 img {\n\t\t\t\tborder: 2px solid #cfcfcf;\n\t\t\t}\n\t\t\t#gallery-5 .gallery-caption {\n\t\t\t\tmargin-left: 0;\n\t\t\t}\n\t\t\t\/* see gallery_shortcode() in wp-includes\/media.php *\/\n\t\t<\/style>\n\t\t<div id='gallery-5' class='gallery galleryid-794 gallery-columns-1 gallery-size-full'><dl class='gallery-item'>\n\t\t\t<dt class='gallery-icon landscape'>\n\t\t\t\t<a href='https:\/\/centralplace.ro\/ro\/wp-content\/uploads\/2020\/08\/65078294_2536064336414926_1411808466623791104_n.jpg'><img loading=\"lazy\" decoding=\"async\" width=\"2048\" height=\"1118\" src=\"https:\/\/centralplace.ro\/ro\/wp-content\/uploads\/2020\/08\/65078294_2536064336414926_1411808466623791104_n.jpg\" class=\"attachment-full size-full\" alt=\"\" srcset=\"https:\/\/centralplace.ro\/ro\/wp-content\/uploads\/2020\/08\/65078294_2536064336414926_1411808466623791104_n.jpg 2048w, https:\/\/centralplace.ro\/ro\/wp-content\/uploads\/2020\/08\/65078294_2536064336414926_1411808466623791104_n-300x164.jpg 300w, https:\/\/centralplace.ro\/ro\/wp-content\/uploads\/2020\/08\/65078294_2536064336414926_1411808466623791104_n-1024x559.jpg 1024w, https:\/\/centralplace.ro\/ro\/wp-content\/uploads\/2020\/08\/65078294_2536064336414926_1411808466623791104_n-768x419.jpg 768w, https:\/\/centralplace.ro\/ro\/wp-content\/uploads\/2020\/08\/65078294_2536064336414926_1411808466623791104_n-1536x839.jpg 1536w\" sizes=\"(max-width: 2048px) 100vw, 2048px\" \/><\/a>\n\t\t\t<\/dt><\/dl><br style=\"clear: both\" \/>\n\t\t<\/div>\n<\/div><\/div><\/div><\/div><\/div>","protected":false},"excerpt":{"rendered":"<p>Ce este Onisim? Este un ansamblu de evenimente destinat tineretului cre\u0219tin. Scopul ei este de a asigura un cadru potrivit pentru genera\u021bia t\u00e2n\u0103r\u0103 modern\u0103, de exemplu: formarea comunit\u0103\u021bii prin cunoa\u0219terea \u0219i dezvoltarea unei identit\u0103\u021bi corecte; transmiterea valorilor cre\u0219tine tineretului. Scopuri principale: Scoaterea tinerilor din lumea virtual\u0103 creat\u0103 de internet \u0219i media, \u00eenv\u0103\u021barea interac\u021biilor sociale corecte [&hellip;]<\/p>\n","protected":false},"author":2,"featured_media":0,"parent":0,"menu_order":0,"comment_status":"closed","ping_status":"closed","template":"","meta":{"ngg_post_thumbnail":0,"footnotes":""},"tags":[],"class_list":["post-794","page","type-page","status-publish","hentry"],"yoast_head":"<!-- This site is optimized with the Yoast SEO plugin v27.6 - https:\/\/yoast.com\/product\/yoast-seo-wordpress\/ -->\n<title>Onisim - Asocia\u021bia Pro Christo et Ecclesia<\/title>\n<meta name=\"robots\" content=\"index, follow, max-snippet:-1, max-image-preview:large, max-video-preview:-1\" \/>\n<link rel=\"canonical\" href=\"https:\/\/centralplace.ro\/ro\/onisim\/\" \/>\n<meta property=\"og:locale\" content=\"ro_RO\" \/>\n<meta property=\"og:type\" content=\"article\" \/>\n<meta property=\"og:title\" content=\"Onisim - Asocia\u021bia Pro Christo et Ecclesia\" \/>\n<meta property=\"og:description\" content=\"Ce este Onisim? Este un ansamblu de evenimente destinat tineretului cre\u0219tin. Scopul ei este de a asigura un cadru potrivit pentru genera\u021bia t\u00e2n\u0103r\u0103 modern\u0103, de exemplu: formarea comunit\u0103\u021bii prin cunoa\u0219terea \u0219i dezvoltarea unei identit\u0103\u021bi corecte; transmiterea valorilor cre\u0219tine tineretului. Scopuri principale: Scoaterea tinerilor din lumea virtual\u0103 creat\u0103 de internet \u0219i media, \u00eenv\u0103\u021barea interac\u021biilor sociale corecte [&hellip;]\" \/>\n<meta property=\"og:url\" content=\"https:\/\/centralplace.ro\/ro\/onisim\/\" \/>\n<meta property=\"og:site_name\" content=\"Asocia\u021bia Pro Christo et Ecclesia\" \/>\n<meta property=\"article:modified_time\" content=\"2023-11-23T11:11:30+00:00\" \/>\n<meta name=\"twitter:card\" content=\"summary_large_image\" \/>\n<meta name=\"twitter:label1\" content=\"Timp estimat pentru citire\" \/>\n\t<meta name=\"twitter:data1\" content=\"2 minute\" \/>\n<script type=\"application\/ld+json\" class=\"yoast-schema-graph\">{\"@context\":\"https:\\\/\\\/schema.org\",\"@graph\":[{\"@type\":\"WebPage\",\"@id\":\"https:\\\/\\\/centralplace.ro\\\/ro\\\/onisim\\\/\",\"url\":\"https:\\\/\\\/centralplace.ro\\\/ro\\\/onisim\\\/\",\"name\":\"Onisim - Asocia\u021bia Pro Christo et Ecclesia\",\"isPartOf\":{\"@id\":\"https:\\\/\\\/centralplace.ro\\\/ro\\\/#website\"},\"datePublished\":\"2020-08-04T10:23:20+00:00\",\"dateModified\":\"2023-11-23T11:11:30+00:00\",\"breadcrumb\":{\"@id\":\"https:\\\/\\\/centralplace.ro\\\/ro\\\/onisim\\\/#breadcrumb\"},\"inLanguage\":\"ro-RO\",\"potentialAction\":[{\"@type\":\"ReadAction\",\"target\":[\"https:\\\/\\\/centralplace.ro\\\/ro\\\/onisim\\\/\"]}]},{\"@type\":\"BreadcrumbList\",\"@id\":\"https:\\\/\\\/centralplace.ro\\\/ro\\\/onisim\\\/#breadcrumb\",\"itemListElement\":[{\"@type\":\"ListItem\",\"position\":1,\"name\":\"Home\",\"item\":\"https:\\\/\\\/centralplace.ro\\\/ro\\\/\"},{\"@type\":\"ListItem\",\"position\":2,\"name\":\"Onisim\"}]},{\"@type\":\"WebSite\",\"@id\":\"https:\\\/\\\/centralplace.ro\\\/ro\\\/#website\",\"url\":\"https:\\\/\\\/centralplace.ro\\\/ro\\\/\",\"name\":\"Asocia\u021bia Pro Christo et Ecclesia\",\"description\":\"Filiala Oradea\",\"publisher\":{\"@id\":\"https:\\\/\\\/centralplace.ro\\\/ro\\\/#organization\"},\"potentialAction\":[{\"@type\":\"SearchAction\",\"target\":{\"@type\":\"EntryPoint\",\"urlTemplate\":\"https:\\\/\\\/centralplace.ro\\\/ro\\\/?s={search_term_string}\"},\"query-input\":{\"@type\":\"PropertyValueSpecification\",\"valueRequired\":true,\"valueName\":\"search_term_string\"}}],\"inLanguage\":\"ro-RO\"},{\"@type\":\"Organization\",\"@id\":\"https:\\\/\\\/centralplace.ro\\\/ro\\\/#organization\",\"name\":\"Asocia\u021bia Pro Christo et Ecclesia\",\"url\":\"https:\\\/\\\/centralplace.ro\\\/ro\\\/\",\"logo\":{\"@type\":\"ImageObject\",\"inLanguage\":\"ro-RO\",\"@id\":\"https:\\\/\\\/centralplace.ro\\\/ro\\\/#\\\/schema\\\/logo\\\/image\\\/\",\"url\":\"https:\\\/\\\/centralplace.ro\\\/ro\\\/wp-content\\\/uploads\\\/2023\\\/11\\\/celogo-white.png\",\"contentUrl\":\"https:\\\/\\\/centralplace.ro\\\/ro\\\/wp-content\\\/uploads\\\/2023\\\/11\\\/celogo-white.png\",\"width\":980,\"height\":394,\"caption\":\"Asocia\u021bia Pro Christo et Ecclesia\"},\"image\":{\"@id\":\"https:\\\/\\\/centralplace.ro\\\/ro\\\/#\\\/schema\\\/logo\\\/image\\\/\"}}]}<\/script>\n<!-- \/ Yoast SEO plugin. -->","yoast_head_json":{"title":"Onisim - Asocia\u021bia Pro Christo et Ecclesia","robots":{"index":"index","follow":"follow","max-snippet":"max-snippet:-1","max-image-preview":"max-image-preview:large","max-video-preview":"max-video-preview:-1"},"canonical":"https:\/\/centralplace.ro\/ro\/onisim\/","og_locale":"ro_RO","og_type":"article","og_title":"Onisim - Asocia\u021bia Pro Christo et Ecclesia","og_description":"Ce este Onisim? Este un ansamblu de evenimente destinat tineretului cre\u0219tin. Scopul ei este de a asigura un cadru potrivit pentru genera\u021bia t\u00e2n\u0103r\u0103 modern\u0103, de exemplu: formarea comunit\u0103\u021bii prin cunoa\u0219terea \u0219i dezvoltarea unei identit\u0103\u021bi corecte; transmiterea valorilor cre\u0219tine tineretului. Scopuri principale: Scoaterea tinerilor din lumea virtual\u0103 creat\u0103 de internet \u0219i media, \u00eenv\u0103\u021barea interac\u021biilor sociale corecte [&hellip;]","og_url":"https:\/\/centralplace.ro\/ro\/onisim\/","og_site_name":"Asocia\u021bia Pro Christo et Ecclesia","article_modified_time":"2023-11-23T11:11:30+00:00","twitter_card":"summary_large_image","twitter_misc":{"Timp estimat pentru citire":"2 minute"},"schema":{"@context":"https:\/\/schema.org","@graph":[{"@type":"WebPage","@id":"https:\/\/centralplace.ro\/ro\/onisim\/","url":"https:\/\/centralplace.ro\/ro\/onisim\/","name":"Onisim - Asocia\u021bia Pro Christo et Ecclesia","isPartOf":{"@id":"https:\/\/centralplace.ro\/ro\/#website"},"datePublished":"2020-08-04T10:23:20+00:00","dateModified":"2023-11-23T11:11:30+00:00","breadcrumb":{"@id":"https:\/\/centralplace.ro\/ro\/onisim\/#breadcrumb"},"inLanguage":"ro-RO","potentialAction":[{"@type":"ReadAction","target":["https:\/\/centralplace.ro\/ro\/onisim\/"]}]},{"@type":"BreadcrumbList","@id":"https:\/\/centralplace.ro\/ro\/onisim\/#breadcrumb","itemListElement":[{"@type":"ListItem","position":1,"name":"Home","item":"https:\/\/centralplace.ro\/ro\/"},{"@type":"ListItem","position":2,"name":"Onisim"}]},{"@type":"WebSite","@id":"https:\/\/centralplace.ro\/ro\/#website","url":"https:\/\/centralplace.ro\/ro\/","name":"Asocia\u021bia Pro Christo et Ecclesia","description":"Filiala Oradea","publisher":{"@id":"https:\/\/centralplace.ro\/ro\/#organization"},"potentialAction":[{"@type":"SearchAction","target":{"@type":"EntryPoint","urlTemplate":"https:\/\/centralplace.ro\/ro\/?s={search_term_string}"},"query-input":{"@type":"PropertyValueSpecification","valueRequired":true,"valueName":"search_term_string"}}],"inLanguage":"ro-RO"},{"@type":"Organization","@id":"https:\/\/centralplace.ro\/ro\/#organization","name":"Asocia\u021bia Pro Christo et Ecclesia","url":"https:\/\/centralplace.ro\/ro\/","logo":{"@type":"ImageObject","inLanguage":"ro-RO","@id":"https:\/\/centralplace.ro\/ro\/#\/schema\/logo\/image\/","url":"https:\/\/centralplace.ro\/ro\/wp-content\/uploads\/2023\/11\/celogo-white.png","contentUrl":"https:\/\/centralplace.ro\/ro\/wp-content\/uploads\/2023\/11\/celogo-white.png","width":980,"height":394,"caption":"Asocia\u021bia Pro Christo et Ecclesia"},"image":{"@id":"https:\/\/centralplace.ro\/ro\/#\/schema\/logo\/image\/"}}]}},"_links":{"self":[{"href":"https:\/\/centralplace.ro\/ro\/wp-json\/wp\/v2\/pages\/794","targetHints":{"allow":["GET"]}}],"collection":[{"href":"https:\/\/centralplace.ro\/ro\/wp-json\/wp\/v2\/pages"}],"about":[{"href":"https:\/\/centralplace.ro\/ro\/wp-json\/wp\/v2\/types\/page"}],"author":[{"embeddable":true,"href":"https:\/\/centralplace.ro\/ro\/wp-json\/wp\/v2\/users\/2"}],"replies":[{"embeddable":true,"href":"https:\/\/centralplace.ro\/ro\/wp-json\/wp\/v2\/comments?post=794"}],"version-history":[{"count":52,"href":"https:\/\/centralplace.ro\/ro\/wp-json\/wp\/v2\/pages\/794\/revisions"}],"predecessor-version":[{"id":4446,"href":"https:\/\/centralplace.ro\/ro\/wp-json\/wp\/v2\/pages\/794\/revisions\/4446"}],"wp:attachment":[{"href":"https:\/\/centralplace.ro\/ro\/wp-json\/wp\/v2\/media?parent=794"}],"wp:term":[{"taxonomy":"post_tag","embeddable":true,"href":"https:\/\/centralplace.ro\/ro\/wp-json\/wp\/v2\/tags?post=794"}],"curies":[{"name":"wp","href":"https:\/\/api.w.org\/{rel}","templated":true}]}}