{"id":3670,"date":"2023-11-02T14:11:19","date_gmt":"2023-11-02T11:11:19","guid":{"rendered":"https:\/\/centralplace.ro\/ro\/?page_id=3670"},"modified":"2024-04-19T12:54:19","modified_gmt":"2024-04-19T09:54:19","slug":"oglinda-mamicilor","status":"publish","type":"page","link":"https:\/\/centralplace.ro\/ro\/oglinda-mamicilor\/","title":{"rendered":"Oglinda m\u0103micilor"},"content":{"rendered":"<div id=\"pl-3670\"  class=\"panel-layout\" ><div id=\"pg-3670-0\"  class=\"panel-grid panel-has-style\" ><div class=\"panel-row-style panel-row-style-for-3670-0\" ><div id=\"pgc-3670-0-0\"  class=\"panel-grid-cell\" ><div class=\"panel-cell-style panel-cell-style-for-3670-0-0\" ><div id=\"panel-3670-0-0-0\" class=\"so-panel widget widget_sow-editor panel-first-child panel-last-child\" data-index=\"0\" ><div class=\"proba panel-widget-style panel-widget-style-for-3670-0-0-0\" id=\"proba\" ><div\n\t\t\t\n\t\t\tclass=\"so-widget-sow-editor so-widget-sow-editor-base\"\n\t\t\t\n\t\t>\n<div class=\"siteorigin-widget-tinymce textwidget\">\n\t<h2>\u00a0Oglinda m\u0103micilor<\/h2>\n<\/div>\n<\/div><\/div><\/div><\/div><\/div><\/div><\/div><div id=\"pg-3670-1\"  class=\"panel-grid panel-has-style\" ><div class=\"panel-row-style panel-row-style-for-3670-1\" ><div id=\"pgc-3670-1-0\"  class=\"panel-grid-cell\" ><div class=\"panel-cell-style panel-cell-style-for-3670-1-0\" ><div id=\"panel-3670-1-0-0\" class=\"so-panel widget widget_media_gallery panel-first-child panel-last-child\" data-index=\"1\" ><div class=\"panel-widget-style panel-widget-style-for-3670-1-0-0\" >\n\t\t<style type=\"text\/css\">\n\t\t\t#gallery-1 {\n\t\t\t\tmargin: auto;\n\t\t\t}\n\t\t\t#gallery-1 .gallery-item {\n\t\t\t\tfloat: left;\n\t\t\t\tmargin-top: 10px;\n\t\t\t\ttext-align: center;\n\t\t\t\twidth: 100%;\n\t\t\t}\n\t\t\t#gallery-1 img {\n\t\t\t\tborder: 2px solid #cfcfcf;\n\t\t\t}\n\t\t\t#gallery-1 .gallery-caption {\n\t\t\t\tmargin-left: 0;\n\t\t\t}\n\t\t\t\/* see gallery_shortcode() in wp-includes\/media.php *\/\n\t\t<\/style>\n\t\t<div id='gallery-1' class='gallery galleryid-3670 gallery-columns-1 gallery-size-full'><dl class='gallery-item'>\n\t\t\t<dt class='gallery-icon landscape'>\n\t\t\t\t<a href='https:\/\/centralplace.ro\/ro\/wp-content\/uploads\/2023\/10\/WhatsApp-Image-2023-10-16-at-11.33.37.jpeg'><img fetchpriority=\"high\" decoding=\"async\" width=\"1600\" height=\"1200\" src=\"https:\/\/centralplace.ro\/ro\/wp-content\/uploads\/2023\/10\/WhatsApp-Image-2023-10-16-at-11.33.37.jpeg\" class=\"attachment-full size-full\" alt=\"\" srcset=\"https:\/\/centralplace.ro\/ro\/wp-content\/uploads\/2023\/10\/WhatsApp-Image-2023-10-16-at-11.33.37.jpeg 1600w, https:\/\/centralplace.ro\/ro\/wp-content\/uploads\/2023\/10\/WhatsApp-Image-2023-10-16-at-11.33.37-300x225.jpeg 300w, https:\/\/centralplace.ro\/ro\/wp-content\/uploads\/2023\/10\/WhatsApp-Image-2023-10-16-at-11.33.37-1024x768.jpeg 1024w, https:\/\/centralplace.ro\/ro\/wp-content\/uploads\/2023\/10\/WhatsApp-Image-2023-10-16-at-11.33.37-768x576.jpeg 768w, https:\/\/centralplace.ro\/ro\/wp-content\/uploads\/2023\/10\/WhatsApp-Image-2023-10-16-at-11.33.37-1536x1152.jpeg 1536w\" sizes=\"(max-width: 1600px) 100vw, 1600px\" \/><\/a>\n\t\t\t<\/dt><\/dl><br style=\"clear: both\" \/>\n\t\t<\/div>\n<\/div><\/div><\/div><\/div><div id=\"pgc-3670-1-1\"  class=\"panel-grid-cell\" ><div id=\"panel-3670-1-1-0\" class=\"so-panel widget widget_text panel-first-child\" data-index=\"2\" ><div class=\"panel-widget-style panel-widget-style-for-3670-1-1-0\" >\t\t\t<div class=\"textwidget\"><h4 style=\"color: green;\"><strong>Cui se adreseaz\u0103?\u00a0<\/strong><\/h4>\n<\/div>\n\t\t<\/div><\/div><div id=\"panel-3670-1-1-1\" class=\"so-panel widget widget_text\" data-index=\"3\" ><div class=\"panel-widget-style panel-widget-style-for-3670-1-1-1\" >\t\t\t<div class=\"textwidget\"><div><span lang=\"RO\">\u00a0Mamelor, viitoarelor mame, &#8222;mamelor&#8221; lui Isus.<\/span><\/div>\n<\/div>\n\t\t<\/div><\/div><div id=\"panel-3670-1-1-2\" class=\"so-panel widget widget_text\" data-index=\"4\" ><div class=\"panel-widget-style panel-widget-style-for-3670-1-1-2\" >\t\t\t<div class=\"textwidget\"><h4 style=\"color: green;\"><strong>Care este scopul nostru? <\/strong><\/h4>\n<\/div>\n\t\t<\/div><\/div><div id=\"panel-3670-1-1-3\" class=\"so-panel widget widget_text\" data-index=\"5\" ><div class=\"panel-widget-style panel-widget-style-for-3670-1-1-3\" >\t\t\t<div class=\"textwidget\"><p style=\"font-weight: 400;\">Un cerc de \u00eencurajare, &#8211; oglind\u0103, cerc de rug\u0103ciune pentru mame. \u00centr-o lume agitat\u0103, dorim s\u0103 oferim un loc de odihn\u0103 \u00een care mamele s\u0103 se poat\u0103 \u00eenc\u0103rca fizic \u0219i spiritual \u0219i s\u0103 poat\u0103 dezvolta noi prietenii.<\/p>\n<p style=\"font-weight: 400;\">Abord\u0103m subiecte relevante pentru mame, \u00een lumina Cuv\u00e2ntului.<\/p>\n<\/div>\n\t\t<\/div><\/div><div id=\"panel-3670-1-1-4\" class=\"so-panel widget widget_text panel-last-child\" data-index=\"6\" >\t\t\t<div class=\"textwidget\"><p style=\"font-weight: 400;\"><strong>Organizat:<\/strong> o dat\u0103 pe lun\u0103 (\u00eentr-o zi de joi, mijlocul sau sf\u00e2r\u0219itul lunii)<\/p>\n<p style=\"font-weight: 400;\"><strong>Num\u0103r de participan\u021bi:<\/strong> 10 &#8211; 35 (variabil)<\/p>\n<\/div>\n\t\t<\/div><\/div><\/div><\/div><div id=\"pg-3670-2\"  class=\"panel-grid panel-no-style\" ><div id=\"pgc-3670-2-0\"  class=\"panel-grid-cell\" ><div id=\"panel-3670-2-0-0\" class=\"so-panel widget widget_text panel-first-child panel-last-child\" data-index=\"7\" ><div class=\"panel-widget-style panel-widget-style-for-3670-2-0-0\" >\t\t\t<div class=\"textwidget\"><p style=\"font-weight: 400;\">V\u0103 a\u0219tept\u0103m cu drag!<\/p>\n<p style=\"font-weight: 400;\">Al\u0103tura\u021bi-v\u0103 nou\u0103 pe Facebook, unde pute\u021bi urm\u0103ri temele \u0219i prezentatorii!<\/p>\n<p style=\"font-weight: 400;\"><a href=\"https:\/\/www.facebook.com\/groups\/1262613701151817\/?ref=share_group_link\">https:\/\/www.facebook.com\/groups\/1262613701151817\/?ref=share_group_link<\/a><\/p>\n<p style=\"font-weight: 400;\">\n<p>&nbsp;<\/p>\n<\/div>\n\t\t<\/div><\/div><\/div><div id=\"pgc-3670-2-1\"  class=\"panel-grid-cell\" ><div id=\"panel-3670-2-1-0\" class=\"so-panel widget widget_media_gallery panel-first-child panel-last-child\" data-index=\"8\" ><div class=\"gallery-columns-1 panel-widget-style panel-widget-style-for-3670-2-1-0\" >\n\t\t<style type=\"text\/css\">\n\t\t\t#gallery-2 {\n\t\t\t\tmargin: auto;\n\t\t\t}\n\t\t\t#gallery-2 .gallery-item {\n\t\t\t\tfloat: left;\n\t\t\t\tmargin-top: 10px;\n\t\t\t\ttext-align: center;\n\t\t\t\twidth: 100%;\n\t\t\t}\n\t\t\t#gallery-2 img {\n\t\t\t\tborder: 2px solid #cfcfcf;\n\t\t\t}\n\t\t\t#gallery-2 .gallery-caption {\n\t\t\t\tmargin-left: 0;\n\t\t\t}\n\t\t\t\/* see gallery_shortcode() in wp-includes\/media.php *\/\n\t\t<\/style>\n\t\t<div id='gallery-2' class='gallery galleryid-3670 gallery-columns-1 gallery-size-medium'><dl class='gallery-item'>\n\t\t\t<dt class='gallery-icon landscape'>\n\t\t\t\t<a href='https:\/\/centralplace.ro\/ro\/wp-content\/uploads\/2023\/10\/WhatsApp-Image-2023-10-16-at-11.32.49.jpeg'><img decoding=\"async\" width=\"300\" height=\"169\" src=\"https:\/\/centralplace.ro\/ro\/wp-content\/uploads\/2023\/10\/WhatsApp-Image-2023-10-16-at-11.32.49-300x169.jpeg\" class=\"attachment-medium size-medium\" alt=\"\" srcset=\"https:\/\/centralplace.ro\/ro\/wp-content\/uploads\/2023\/10\/WhatsApp-Image-2023-10-16-at-11.32.49-300x169.jpeg 300w, https:\/\/centralplace.ro\/ro\/wp-content\/uploads\/2023\/10\/WhatsApp-Image-2023-10-16-at-11.32.49-1024x576.jpeg 1024w, https:\/\/centralplace.ro\/ro\/wp-content\/uploads\/2023\/10\/WhatsApp-Image-2023-10-16-at-11.32.49-768x432.jpeg 768w, https:\/\/centralplace.ro\/ro\/wp-content\/uploads\/2023\/10\/WhatsApp-Image-2023-10-16-at-11.32.49-1536x864.jpeg 1536w, https:\/\/centralplace.ro\/ro\/wp-content\/uploads\/2023\/10\/WhatsApp-Image-2023-10-16-at-11.32.49.jpeg 1600w\" sizes=\"(max-width: 300px) 100vw, 300px\" \/><\/a>\n\t\t\t<\/dt><\/dl><br style=\"clear: both\" \/>\n\t\t<\/div>\n<\/div><\/div><\/div><\/div><\/div>","protected":false},"excerpt":{"rendered":"<p>\u00a0Oglinda m\u0103micilor Cui se adreseaz\u0103?\u00a0 \u00a0Mamelor, viitoarelor mame, &#8222;mamelor&#8221; lui Isus. Care este scopul nostru? Un cerc de \u00eencurajare, &#8211; oglind\u0103, cerc de rug\u0103ciune pentru mame. \u00centr-o lume agitat\u0103, dorim s\u0103 oferim un loc de odihn\u0103 \u00een care mamele s\u0103 se poat\u0103 \u00eenc\u0103rca fizic \u0219i spiritual \u0219i s\u0103 poat\u0103 dezvolta noi prietenii. Abord\u0103m subiecte relevante [&hellip;]<\/p>\n","protected":false},"author":2,"featured_media":0,"parent":0,"menu_order":0,"comment_status":"closed","ping_status":"closed","template":"","meta":{"ngg_post_thumbnail":0,"footnotes":""},"tags":[],"class_list":["post-3670","page","type-page","status-publish","hentry"],"yoast_head":"<!-- This site is optimized with the Yoast SEO plugin v27.6 - https:\/\/yoast.com\/product\/yoast-seo-wordpress\/ -->\n<title>Oglinda m\u0103micilor - Asocia\u021bia Pro Christo et Ecclesia<\/title>\n<meta name=\"robots\" content=\"index, follow, max-snippet:-1, max-image-preview:large, max-video-preview:-1\" \/>\n<link rel=\"canonical\" href=\"https:\/\/centralplace.ro\/ro\/oglinda-mamicilor\/\" \/>\n<meta property=\"og:locale\" content=\"ro_RO\" \/>\n<meta property=\"og:type\" content=\"article\" \/>\n<meta property=\"og:title\" content=\"Oglinda m\u0103micilor - Asocia\u021bia Pro Christo et Ecclesia\" \/>\n<meta property=\"og:description\" content=\"\u00a0Oglinda m\u0103micilor Cui se adreseaz\u0103?\u00a0 \u00a0Mamelor, viitoarelor mame, &quot;mamelor&quot; lui Isus. Care este scopul nostru? Un cerc de \u00eencurajare, - oglind\u0103, cerc de rug\u0103ciune pentru mame. \u00centr-o lume agitat\u0103, dorim s\u0103 oferim un loc de odihn\u0103 \u00een care mamele s\u0103 se poat\u0103 \u00eenc\u0103rca fizic \u0219i spiritual \u0219i s\u0103 poat\u0103 dezvolta noi prietenii. Abord\u0103m subiecte relevante [&hellip;]\" \/>\n<meta property=\"og:url\" content=\"https:\/\/centralplace.ro\/ro\/oglinda-mamicilor\/\" \/>\n<meta property=\"og:site_name\" content=\"Asocia\u021bia Pro Christo et Ecclesia\" \/>\n<meta property=\"article:modified_time\" content=\"2024-04-19T09:54:19+00:00\" \/>\n<meta name=\"twitter:card\" content=\"summary_large_image\" \/>\n<meta name=\"twitter:label1\" content=\"Timp estimat pentru citire\" \/>\n\t<meta name=\"twitter:data1\" content=\"1 minut\" \/>\n<script type=\"application\/ld+json\" class=\"yoast-schema-graph\">{\"@context\":\"https:\\\/\\\/schema.org\",\"@graph\":[{\"@type\":\"WebPage\",\"@id\":\"https:\\\/\\\/centralplace.ro\\\/ro\\\/oglinda-mamicilor\\\/\",\"url\":\"https:\\\/\\\/centralplace.ro\\\/ro\\\/oglinda-mamicilor\\\/\",\"name\":\"Oglinda m\u0103micilor - Asocia\u021bia Pro Christo et Ecclesia\",\"isPartOf\":{\"@id\":\"https:\\\/\\\/centralplace.ro\\\/ro\\\/#website\"},\"datePublished\":\"2023-11-02T11:11:19+00:00\",\"dateModified\":\"2024-04-19T09:54:19+00:00\",\"breadcrumb\":{\"@id\":\"https:\\\/\\\/centralplace.ro\\\/ro\\\/oglinda-mamicilor\\\/#breadcrumb\"},\"inLanguage\":\"ro-RO\",\"potentialAction\":[{\"@type\":\"ReadAction\",\"target\":[\"https:\\\/\\\/centralplace.ro\\\/ro\\\/oglinda-mamicilor\\\/\"]}]},{\"@type\":\"BreadcrumbList\",\"@id\":\"https:\\\/\\\/centralplace.ro\\\/ro\\\/oglinda-mamicilor\\\/#breadcrumb\",\"itemListElement\":[{\"@type\":\"ListItem\",\"position\":1,\"name\":\"Home\",\"item\":\"https:\\\/\\\/centralplace.ro\\\/ro\\\/\"},{\"@type\":\"ListItem\",\"position\":2,\"name\":\"Oglinda m\u0103micilor\"}]},{\"@type\":\"WebSite\",\"@id\":\"https:\\\/\\\/centralplace.ro\\\/ro\\\/#website\",\"url\":\"https:\\\/\\\/centralplace.ro\\\/ro\\\/\",\"name\":\"Asocia\u021bia Pro Christo et Ecclesia\",\"description\":\"Filiala Oradea\",\"publisher\":{\"@id\":\"https:\\\/\\\/centralplace.ro\\\/ro\\\/#organization\"},\"potentialAction\":[{\"@type\":\"SearchAction\",\"target\":{\"@type\":\"EntryPoint\",\"urlTemplate\":\"https:\\\/\\\/centralplace.ro\\\/ro\\\/?s={search_term_string}\"},\"query-input\":{\"@type\":\"PropertyValueSpecification\",\"valueRequired\":true,\"valueName\":\"search_term_string\"}}],\"inLanguage\":\"ro-RO\"},{\"@type\":\"Organization\",\"@id\":\"https:\\\/\\\/centralplace.ro\\\/ro\\\/#organization\",\"name\":\"Asocia\u021bia Pro Christo et Ecclesia\",\"url\":\"https:\\\/\\\/centralplace.ro\\\/ro\\\/\",\"logo\":{\"@type\":\"ImageObject\",\"inLanguage\":\"ro-RO\",\"@id\":\"https:\\\/\\\/centralplace.ro\\\/ro\\\/#\\\/schema\\\/logo\\\/image\\\/\",\"url\":\"https:\\\/\\\/centralplace.ro\\\/ro\\\/wp-content\\\/uploads\\\/2023\\\/11\\\/celogo-white.png\",\"contentUrl\":\"https:\\\/\\\/centralplace.ro\\\/ro\\\/wp-content\\\/uploads\\\/2023\\\/11\\\/celogo-white.png\",\"width\":980,\"height\":394,\"caption\":\"Asocia\u021bia Pro Christo et Ecclesia\"},\"image\":{\"@id\":\"https:\\\/\\\/centralplace.ro\\\/ro\\\/#\\\/schema\\\/logo\\\/image\\\/\"}}]}<\/script>\n<!-- \/ Yoast SEO plugin. -->","yoast_head_json":{"title":"Oglinda m\u0103micilor - Asocia\u021bia Pro Christo et Ecclesia","robots":{"index":"index","follow":"follow","max-snippet":"max-snippet:-1","max-image-preview":"max-image-preview:large","max-video-preview":"max-video-preview:-1"},"canonical":"https:\/\/centralplace.ro\/ro\/oglinda-mamicilor\/","og_locale":"ro_RO","og_type":"article","og_title":"Oglinda m\u0103micilor - Asocia\u021bia Pro Christo et Ecclesia","og_description":"\u00a0Oglinda m\u0103micilor Cui se adreseaz\u0103?\u00a0 \u00a0Mamelor, viitoarelor mame, \"mamelor\" lui Isus. Care este scopul nostru? Un cerc de \u00eencurajare, - oglind\u0103, cerc de rug\u0103ciune pentru mame. \u00centr-o lume agitat\u0103, dorim s\u0103 oferim un loc de odihn\u0103 \u00een care mamele s\u0103 se poat\u0103 \u00eenc\u0103rca fizic \u0219i spiritual \u0219i s\u0103 poat\u0103 dezvolta noi prietenii. Abord\u0103m subiecte relevante [&hellip;]","og_url":"https:\/\/centralplace.ro\/ro\/oglinda-mamicilor\/","og_site_name":"Asocia\u021bia Pro Christo et Ecclesia","article_modified_time":"2024-04-19T09:54:19+00:00","twitter_card":"summary_large_image","twitter_misc":{"Timp estimat pentru citire":"1 minut"},"schema":{"@context":"https:\/\/schema.org","@graph":[{"@type":"WebPage","@id":"https:\/\/centralplace.ro\/ro\/oglinda-mamicilor\/","url":"https:\/\/centralplace.ro\/ro\/oglinda-mamicilor\/","name":"Oglinda m\u0103micilor - Asocia\u021bia Pro Christo et Ecclesia","isPartOf":{"@id":"https:\/\/centralplace.ro\/ro\/#website"},"datePublished":"2023-11-02T11:11:19+00:00","dateModified":"2024-04-19T09:54:19+00:00","breadcrumb":{"@id":"https:\/\/centralplace.ro\/ro\/oglinda-mamicilor\/#breadcrumb"},"inLanguage":"ro-RO","potentialAction":[{"@type":"ReadAction","target":["https:\/\/centralplace.ro\/ro\/oglinda-mamicilor\/"]}]},{"@type":"BreadcrumbList","@id":"https:\/\/centralplace.ro\/ro\/oglinda-mamicilor\/#breadcrumb","itemListElement":[{"@type":"ListItem","position":1,"name":"Home","item":"https:\/\/centralplace.ro\/ro\/"},{"@type":"ListItem","position":2,"name":"Oglinda m\u0103micilor"}]},{"@type":"WebSite","@id":"https:\/\/centralplace.ro\/ro\/#website","url":"https:\/\/centralplace.ro\/ro\/","name":"Asocia\u021bia Pro Christo et Ecclesia","description":"Filiala Oradea","publisher":{"@id":"https:\/\/centralplace.ro\/ro\/#organization"},"potentialAction":[{"@type":"SearchAction","target":{"@type":"EntryPoint","urlTemplate":"https:\/\/centralplace.ro\/ro\/?s={search_term_string}"},"query-input":{"@type":"PropertyValueSpecification","valueRequired":true,"valueName":"search_term_string"}}],"inLanguage":"ro-RO"},{"@type":"Organization","@id":"https:\/\/centralplace.ro\/ro\/#organization","name":"Asocia\u021bia Pro Christo et Ecclesia","url":"https:\/\/centralplace.ro\/ro\/","logo":{"@type":"ImageObject","inLanguage":"ro-RO","@id":"https:\/\/centralplace.ro\/ro\/#\/schema\/logo\/image\/","url":"https:\/\/centralplace.ro\/ro\/wp-content\/uploads\/2023\/11\/celogo-white.png","contentUrl":"https:\/\/centralplace.ro\/ro\/wp-content\/uploads\/2023\/11\/celogo-white.png","width":980,"height":394,"caption":"Asocia\u021bia Pro Christo et Ecclesia"},"image":{"@id":"https:\/\/centralplace.ro\/ro\/#\/schema\/logo\/image\/"}}]}},"_links":{"self":[{"href":"https:\/\/centralplace.ro\/ro\/wp-json\/wp\/v2\/pages\/3670","targetHints":{"allow":["GET"]}}],"collection":[{"href":"https:\/\/centralplace.ro\/ro\/wp-json\/wp\/v2\/pages"}],"about":[{"href":"https:\/\/centralplace.ro\/ro\/wp-json\/wp\/v2\/types\/page"}],"author":[{"embeddable":true,"href":"https:\/\/centralplace.ro\/ro\/wp-json\/wp\/v2\/users\/2"}],"replies":[{"embeddable":true,"href":"https:\/\/centralplace.ro\/ro\/wp-json\/wp\/v2\/comments?post=3670"}],"version-history":[{"count":65,"href":"https:\/\/centralplace.ro\/ro\/wp-json\/wp\/v2\/pages\/3670\/revisions"}],"predecessor-version":[{"id":4580,"href":"https:\/\/centralplace.ro\/ro\/wp-json\/wp\/v2\/pages\/3670\/revisions\/4580"}],"wp:attachment":[{"href":"https:\/\/centralplace.ro\/ro\/wp-json\/wp\/v2\/media?parent=3670"}],"wp:term":[{"taxonomy":"post_tag","embeddable":true,"href":"https:\/\/centralplace.ro\/ro\/wp-json\/wp\/v2\/tags?post=3670"}],"curies":[{"name":"wp","href":"https:\/\/api.w.org\/{rel}","templated":true}]}}