{"id":3587,"date":"2023-10-31T14:17:58","date_gmt":"2023-10-31T11:17:58","guid":{"rendered":"https:\/\/centralplace.ro\/ro\/?page_id=3587"},"modified":"2024-04-17T11:12:04","modified_gmt":"2024-04-17T08:12:04","slug":"generatia-de-mijloc","status":"publish","type":"page","link":"https:\/\/centralplace.ro\/ro\/generatia-de-mijloc\/","title":{"rendered":"Studii biblic pentru genera\u021bia de mijloc"},"content":{"rendered":"<div id=\"pl-3587\"  class=\"panel-layout\" ><div id=\"pg-3587-0\"  class=\"panel-grid panel-has-style\" ><div class=\"panel-row-style panel-row-style-for-3587-0\" ><div id=\"pgc-3587-0-0\"  class=\"panel-grid-cell\" ><div class=\"panel-cell-style panel-cell-style-for-3587-0-0\" ><div id=\"panel-3587-0-0-0\" class=\"so-panel widget widget_sow-editor panel-first-child panel-last-child\" data-index=\"0\" ><div class=\"proba panel-widget-style panel-widget-style-for-3587-0-0-0\" id=\"proba\" ><div\n\t\t\t\n\t\t\tclass=\"so-widget-sow-editor so-widget-sow-editor-base\"\n\t\t\t\n\t\t>\n<div class=\"siteorigin-widget-tinymce textwidget\">\n\t<h2>Studii biblic pentru genera\u021bia de mijloc<\/h2>\n<\/div>\n<\/div><\/div><\/div><\/div><\/div><\/div><\/div><div id=\"pg-3587-1\"  class=\"panel-grid panel-no-style\" ><div id=\"pgc-3587-1-0\"  class=\"panel-grid-cell\" ><div id=\"panel-3587-1-0-0\" class=\"so-panel widget widget_text panel-first-child panel-last-child\" data-index=\"1\" ><div class=\"panel-widget-style panel-widget-style-for-3587-1-0-0\" >\t\t\t<div class=\"textwidget\"><h4 style=\"color: green;\"><strong>Ce \u00eenseamn\u0103 pentru tine studiul biblic?<\/strong><\/h4>\n<\/div>\n\t\t<\/div><\/div><\/div><\/div><div id=\"pg-3587-2\"  class=\"panel-grid panel-has-style\" ><div class=\"panel-row-style panel-row-style-for-3587-2\" ><div id=\"pgc-3587-2-0\"  class=\"panel-grid-cell\" ><div class=\"panel-cell-style panel-cell-style-for-3587-2-0\" ><div id=\"panel-3587-2-0-0\" class=\"so-panel widget widget_media_gallery panel-first-child\" data-index=\"2\" ><div class=\"panel-widget-style panel-widget-style-for-3587-2-0-0\" >\n\t\t<style type=\"text\/css\">\n\t\t\t#gallery-1 {\n\t\t\t\tmargin: auto;\n\t\t\t}\n\t\t\t#gallery-1 .gallery-item {\n\t\t\t\tfloat: left;\n\t\t\t\tmargin-top: 10px;\n\t\t\t\ttext-align: center;\n\t\t\t\twidth: 100%;\n\t\t\t}\n\t\t\t#gallery-1 img {\n\t\t\t\tborder: 2px solid #cfcfcf;\n\t\t\t}\n\t\t\t#gallery-1 .gallery-caption {\n\t\t\t\tmargin-left: 0;\n\t\t\t}\n\t\t\t\/* see gallery_shortcode() in wp-includes\/media.php *\/\n\t\t<\/style>\n\t\t<div id='gallery-1' class='gallery galleryid-3587 gallery-columns-1 gallery-size-large'><dl class='gallery-item'>\n\t\t\t<dt class='gallery-icon landscape'>\n\t\t\t\t<a href='https:\/\/centralplace.ro\/ro\/wp-content\/uploads\/2023\/10\/Untitled-design.png'><img fetchpriority=\"high\" decoding=\"async\" width=\"1024\" height=\"614\" src=\"https:\/\/centralplace.ro\/ro\/wp-content\/uploads\/2023\/10\/Untitled-design-1024x614.png\" class=\"attachment-large size-large\" alt=\"\" srcset=\"https:\/\/centralplace.ro\/ro\/wp-content\/uploads\/2023\/10\/Untitled-design-1024x614.png 1024w, https:\/\/centralplace.ro\/ro\/wp-content\/uploads\/2023\/10\/Untitled-design-300x180.png 300w, https:\/\/centralplace.ro\/ro\/wp-content\/uploads\/2023\/10\/Untitled-design-768x461.png 768w, https:\/\/centralplace.ro\/ro\/wp-content\/uploads\/2023\/10\/Untitled-design-1536x922.png 1536w, https:\/\/centralplace.ro\/ro\/wp-content\/uploads\/2023\/10\/Untitled-design-2048x1229.png 2048w\" sizes=\"(max-width: 1024px) 100vw, 1024px\" \/><\/a>\n\t\t\t<\/dt><\/dl><br style=\"clear: both\" \/>\n\t\t<\/div>\n<\/div><\/div><div id=\"panel-3587-2-0-1\" class=\"so-panel widget widget_text panel-last-child\" data-index=\"3\" >\t\t\t<div class=\"textwidget\"><div><span lang=\"RO\">Este o plas\u0103 de siguran\u021b\u0103 deasupra pr\u0103pastiei, dar poate fi pur si simplu un loc de odihn\u0103 \u00een fiecare zi de mar\u021bi.<\/span><\/div>\n<\/div>\n\t\t<\/div><\/div><\/div><div id=\"pgc-3587-2-1\"  class=\"panel-grid-cell\" ><div id=\"panel-3587-2-1-0\" class=\"so-panel widget widget_media_gallery panel-first-child\" data-index=\"4\" ><div class=\"panel-widget-style panel-widget-style-for-3587-2-1-0\" >\n\t\t<style type=\"text\/css\">\n\t\t\t#gallery-2 {\n\t\t\t\tmargin: auto;\n\t\t\t}\n\t\t\t#gallery-2 .gallery-item {\n\t\t\t\tfloat: left;\n\t\t\t\tmargin-top: 10px;\n\t\t\t\ttext-align: center;\n\t\t\t\twidth: 100%;\n\t\t\t}\n\t\t\t#gallery-2 img {\n\t\t\t\tborder: 2px solid #cfcfcf;\n\t\t\t}\n\t\t\t#gallery-2 .gallery-caption {\n\t\t\t\tmargin-left: 0;\n\t\t\t}\n\t\t\t\/* see gallery_shortcode() in wp-includes\/media.php *\/\n\t\t<\/style>\n\t\t<div id='gallery-2' class='gallery galleryid-3587 gallery-columns-1 gallery-size-large'><dl class='gallery-item'>\n\t\t\t<dt class='gallery-icon landscape'>\n\t\t\t\t<a href='https:\/\/centralplace.ro\/ro\/wp-content\/uploads\/2023\/11\/Untitled-design.png'><img decoding=\"async\" width=\"1024\" height=\"614\" src=\"https:\/\/centralplace.ro\/ro\/wp-content\/uploads\/2023\/11\/Untitled-design-1024x614.png\" class=\"attachment-large size-large\" alt=\"\" srcset=\"https:\/\/centralplace.ro\/ro\/wp-content\/uploads\/2023\/11\/Untitled-design-1024x614.png 1024w, https:\/\/centralplace.ro\/ro\/wp-content\/uploads\/2023\/11\/Untitled-design-300x180.png 300w, https:\/\/centralplace.ro\/ro\/wp-content\/uploads\/2023\/11\/Untitled-design-768x461.png 768w, https:\/\/centralplace.ro\/ro\/wp-content\/uploads\/2023\/11\/Untitled-design-1536x922.png 1536w, https:\/\/centralplace.ro\/ro\/wp-content\/uploads\/2023\/11\/Untitled-design-2048x1229.png 2048w\" sizes=\"(max-width: 1024px) 100vw, 1024px\" \/><\/a>\n\t\t\t<\/dt><\/dl><br style=\"clear: both\" \/>\n\t\t<\/div>\n<\/div><\/div><div id=\"panel-3587-2-1-1\" class=\"so-panel widget widget_text panel-last-child\" data-index=\"5\" >\t\t\t<div class=\"textwidget\"><div><span lang=\"RO\">Sau pot fi adus in lumina daca observ umbra mea.<\/span><\/div>\n<\/div>\n\t\t<\/div><\/div><div id=\"pgc-3587-2-2\"  class=\"panel-grid-cell\" ><div id=\"panel-3587-2-2-0\" class=\"so-panel widget widget_media_gallery panel-first-child\" data-index=\"6\" ><div class=\"panel-widget-style panel-widget-style-for-3587-2-2-0\" >\n\t\t<style type=\"text\/css\">\n\t\t\t#gallery-3 {\n\t\t\t\tmargin: auto;\n\t\t\t}\n\t\t\t#gallery-3 .gallery-item {\n\t\t\t\tfloat: left;\n\t\t\t\tmargin-top: 10px;\n\t\t\t\ttext-align: center;\n\t\t\t\twidth: 100%;\n\t\t\t}\n\t\t\t#gallery-3 img {\n\t\t\t\tborder: 2px solid #cfcfcf;\n\t\t\t}\n\t\t\t#gallery-3 .gallery-caption {\n\t\t\t\tmargin-left: 0;\n\t\t\t}\n\t\t\t\/* see gallery_shortcode() in wp-includes\/media.php *\/\n\t\t<\/style>\n\t\t<div id='gallery-3' class='gallery galleryid-3587 gallery-columns-1 gallery-size-large'><dl class='gallery-item'>\n\t\t\t<dt class='gallery-icon landscape'>\n\t\t\t\t<a href='https:\/\/centralplace.ro\/ro\/wp-content\/uploads\/2023\/11\/hajo.png'><img decoding=\"async\" width=\"1024\" height=\"614\" src=\"https:\/\/centralplace.ro\/ro\/wp-content\/uploads\/2023\/11\/hajo-1024x614.png\" class=\"attachment-large size-large\" alt=\"\" srcset=\"https:\/\/centralplace.ro\/ro\/wp-content\/uploads\/2023\/11\/hajo-1024x614.png 1024w, https:\/\/centralplace.ro\/ro\/wp-content\/uploads\/2023\/11\/hajo-300x180.png 300w, https:\/\/centralplace.ro\/ro\/wp-content\/uploads\/2023\/11\/hajo-768x461.png 768w, https:\/\/centralplace.ro\/ro\/wp-content\/uploads\/2023\/11\/hajo-1536x922.png 1536w, https:\/\/centralplace.ro\/ro\/wp-content\/uploads\/2023\/11\/hajo-2048x1229.png 2048w\" sizes=\"(max-width: 1024px) 100vw, 1024px\" \/><\/a>\n\t\t\t<\/dt><\/dl><br style=\"clear: both\" \/>\n\t\t<\/div>\n<\/div><\/div><div id=\"panel-3587-2-2-1\" class=\"so-panel widget widget_text panel-last-child\" data-index=\"7\" >\t\t\t<div class=\"textwidget\"><div><span lang=\"RO\"><span lang=\"RO\">E ca si cum am fi \u00eempreun\u0103 \u00eentr-o barc\u0103, e bine sa fim cu El in fiecare zi de marti, \u015fi nu numai. <\/span><\/span><span lang=\"RO\">El care poate linisti orice furtun\u0103. <\/span><\/div>\n<\/div>\n\t\t<\/div><\/div><\/div><\/div><div id=\"pg-3587-3\"  class=\"panel-grid panel-has-style\" ><div class=\"panel-row-style panel-row-style-for-3587-3\" ><div id=\"pgc-3587-3-0\"  class=\"panel-grid-cell\" ><div class=\"panel-cell-style panel-cell-style-for-3587-3-0\" ><div id=\"panel-3587-3-0-0\" class=\"so-panel widget widget_text panel-first-child\" data-index=\"8\" ><div class=\"panel-widget-style panel-widget-style-for-3587-3-0-0\" >\t\t\t<div class=\"textwidget\"><p style=\"font-weight: 400;\">A fost infiintat la 24 octombrie 2012.<\/p>\n<p><span style=\"font-weight: 400;\">Pentru cei peste 30 de ani.<\/span><\/p>\n<p><span style=\"font-weight: 400;\"> In fiecare zi de mar\u021bi, la sediul asocia\u021biei.<\/span><\/p>\n<\/div>\n\t\t<\/div><\/div><div id=\"panel-3587-3-0-1\" class=\"so-panel widget widget_text panel-last-child\" data-index=\"9\" >\t\t\t<div class=\"textwidget\"><p style=\"font-weight: 400;\">Dac\u0103 vrei s\u0103 urci \u00een aceast\u0103 barc\u0103 (care este un cuib cald, dar uneori devine un de\u0219ert care se transform\u0103 \u00eentr-o oaz\u0103), atunci vino la <strong>ora 6<\/strong>, nu la \u0219ase jum\u0103tate, pentru c\u0103 vei rata c\u00e2ntatul.<\/p>\n<p style=\"font-weight: 400;\">Ocazional, se organizeaz\u0103 \u0219i ore de Biblie pentru c\u0103s\u0103tori\u021bi.<\/p>\n<p style=\"font-weight: 400;\">Mai multe detalii despre aceasta poti citi aici: <a href=\"https:\/\/centralplace.ro\/ro\/hazas-bibliaora\/\">https:\/\/centralplace.ro\/ro\/hazas-bibliaora\/<\/a><\/p>\n<p>&nbsp;<\/p>\n<\/div>\n\t\t<\/div><\/div><\/div><\/div><\/div><\/div>","protected":false},"excerpt":{"rendered":"<p>Studii biblic pentru genera\u021bia de mijloc Ce \u00eenseamn\u0103 pentru tine studiul biblic?<\/p>\n","protected":false},"author":2,"featured_media":0,"parent":0,"menu_order":0,"comment_status":"closed","ping_status":"closed","template":"","meta":{"ngg_post_thumbnail":0,"footnotes":""},"tags":[],"class_list":["post-3587","page","type-page","status-publish","hentry"],"yoast_head":"<!-- This site is optimized with the Yoast SEO plugin v27.6 - https:\/\/yoast.com\/product\/yoast-seo-wordpress\/ -->\n<title>Studii biblic pentru genera\u021bia de mijloc - Asocia\u021bia Pro Christo et Ecclesia<\/title>\n<meta name=\"robots\" content=\"index, follow, max-snippet:-1, max-image-preview:large, max-video-preview:-1\" \/>\n<link rel=\"canonical\" href=\"https:\/\/centralplace.ro\/ro\/generatia-de-mijloc\/\" \/>\n<meta property=\"og:locale\" content=\"ro_RO\" \/>\n<meta property=\"og:type\" content=\"article\" \/>\n<meta property=\"og:title\" content=\"Studii biblic pentru genera\u021bia de mijloc - Asocia\u021bia Pro Christo et Ecclesia\" \/>\n<meta property=\"og:description\" content=\"Studii biblic pentru genera\u021bia de mijloc Ce \u00eenseamn\u0103 pentru tine studiul biblic?\" \/>\n<meta property=\"og:url\" content=\"https:\/\/centralplace.ro\/ro\/generatia-de-mijloc\/\" \/>\n<meta property=\"og:site_name\" content=\"Asocia\u021bia Pro Christo et Ecclesia\" \/>\n<meta property=\"article:modified_time\" content=\"2024-04-17T08:12:04+00:00\" \/>\n<meta name=\"twitter:card\" content=\"summary_large_image\" \/>\n<meta name=\"twitter:label1\" content=\"Timp estimat pentru citire\" \/>\n\t<meta name=\"twitter:data1\" content=\"2 minute\" \/>\n<script type=\"application\/ld+json\" class=\"yoast-schema-graph\">{\"@context\":\"https:\\\/\\\/schema.org\",\"@graph\":[{\"@type\":\"WebPage\",\"@id\":\"https:\\\/\\\/centralplace.ro\\\/ro\\\/generatia-de-mijloc\\\/\",\"url\":\"https:\\\/\\\/centralplace.ro\\\/ro\\\/generatia-de-mijloc\\\/\",\"name\":\"Studii biblic pentru genera\u021bia de mijloc - Asocia\u021bia Pro Christo et Ecclesia\",\"isPartOf\":{\"@id\":\"https:\\\/\\\/centralplace.ro\\\/ro\\\/#website\"},\"datePublished\":\"2023-10-31T11:17:58+00:00\",\"dateModified\":\"2024-04-17T08:12:04+00:00\",\"breadcrumb\":{\"@id\":\"https:\\\/\\\/centralplace.ro\\\/ro\\\/generatia-de-mijloc\\\/#breadcrumb\"},\"inLanguage\":\"ro-RO\",\"potentialAction\":[{\"@type\":\"ReadAction\",\"target\":[\"https:\\\/\\\/centralplace.ro\\\/ro\\\/generatia-de-mijloc\\\/\"]}]},{\"@type\":\"BreadcrumbList\",\"@id\":\"https:\\\/\\\/centralplace.ro\\\/ro\\\/generatia-de-mijloc\\\/#breadcrumb\",\"itemListElement\":[{\"@type\":\"ListItem\",\"position\":1,\"name\":\"Home\",\"item\":\"https:\\\/\\\/centralplace.ro\\\/ro\\\/\"},{\"@type\":\"ListItem\",\"position\":2,\"name\":\"Studii biblic pentru genera\u021bia de mijloc\"}]},{\"@type\":\"WebSite\",\"@id\":\"https:\\\/\\\/centralplace.ro\\\/ro\\\/#website\",\"url\":\"https:\\\/\\\/centralplace.ro\\\/ro\\\/\",\"name\":\"Asocia\u021bia Pro Christo et Ecclesia\",\"description\":\"Filiala Oradea\",\"publisher\":{\"@id\":\"https:\\\/\\\/centralplace.ro\\\/ro\\\/#organization\"},\"potentialAction\":[{\"@type\":\"SearchAction\",\"target\":{\"@type\":\"EntryPoint\",\"urlTemplate\":\"https:\\\/\\\/centralplace.ro\\\/ro\\\/?s={search_term_string}\"},\"query-input\":{\"@type\":\"PropertyValueSpecification\",\"valueRequired\":true,\"valueName\":\"search_term_string\"}}],\"inLanguage\":\"ro-RO\"},{\"@type\":\"Organization\",\"@id\":\"https:\\\/\\\/centralplace.ro\\\/ro\\\/#organization\",\"name\":\"Asocia\u021bia Pro Christo et Ecclesia\",\"url\":\"https:\\\/\\\/centralplace.ro\\\/ro\\\/\",\"logo\":{\"@type\":\"ImageObject\",\"inLanguage\":\"ro-RO\",\"@id\":\"https:\\\/\\\/centralplace.ro\\\/ro\\\/#\\\/schema\\\/logo\\\/image\\\/\",\"url\":\"https:\\\/\\\/centralplace.ro\\\/ro\\\/wp-content\\\/uploads\\\/2023\\\/11\\\/celogo-white.png\",\"contentUrl\":\"https:\\\/\\\/centralplace.ro\\\/ro\\\/wp-content\\\/uploads\\\/2023\\\/11\\\/celogo-white.png\",\"width\":980,\"height\":394,\"caption\":\"Asocia\u021bia Pro Christo et Ecclesia\"},\"image\":{\"@id\":\"https:\\\/\\\/centralplace.ro\\\/ro\\\/#\\\/schema\\\/logo\\\/image\\\/\"}}]}<\/script>\n<!-- \/ Yoast SEO plugin. -->","yoast_head_json":{"title":"Studii biblic pentru genera\u021bia de mijloc - Asocia\u021bia Pro Christo et Ecclesia","robots":{"index":"index","follow":"follow","max-snippet":"max-snippet:-1","max-image-preview":"max-image-preview:large","max-video-preview":"max-video-preview:-1"},"canonical":"https:\/\/centralplace.ro\/ro\/generatia-de-mijloc\/","og_locale":"ro_RO","og_type":"article","og_title":"Studii biblic pentru genera\u021bia de mijloc - Asocia\u021bia Pro Christo et Ecclesia","og_description":"Studii biblic pentru genera\u021bia de mijloc Ce \u00eenseamn\u0103 pentru tine studiul biblic?","og_url":"https:\/\/centralplace.ro\/ro\/generatia-de-mijloc\/","og_site_name":"Asocia\u021bia Pro Christo et Ecclesia","article_modified_time":"2024-04-17T08:12:04+00:00","twitter_card":"summary_large_image","twitter_misc":{"Timp estimat pentru citire":"2 minute"},"schema":{"@context":"https:\/\/schema.org","@graph":[{"@type":"WebPage","@id":"https:\/\/centralplace.ro\/ro\/generatia-de-mijloc\/","url":"https:\/\/centralplace.ro\/ro\/generatia-de-mijloc\/","name":"Studii biblic pentru genera\u021bia de mijloc - Asocia\u021bia Pro Christo et Ecclesia","isPartOf":{"@id":"https:\/\/centralplace.ro\/ro\/#website"},"datePublished":"2023-10-31T11:17:58+00:00","dateModified":"2024-04-17T08:12:04+00:00","breadcrumb":{"@id":"https:\/\/centralplace.ro\/ro\/generatia-de-mijloc\/#breadcrumb"},"inLanguage":"ro-RO","potentialAction":[{"@type":"ReadAction","target":["https:\/\/centralplace.ro\/ro\/generatia-de-mijloc\/"]}]},{"@type":"BreadcrumbList","@id":"https:\/\/centralplace.ro\/ro\/generatia-de-mijloc\/#breadcrumb","itemListElement":[{"@type":"ListItem","position":1,"name":"Home","item":"https:\/\/centralplace.ro\/ro\/"},{"@type":"ListItem","position":2,"name":"Studii biblic pentru genera\u021bia de mijloc"}]},{"@type":"WebSite","@id":"https:\/\/centralplace.ro\/ro\/#website","url":"https:\/\/centralplace.ro\/ro\/","name":"Asocia\u021bia Pro Christo et Ecclesia","description":"Filiala Oradea","publisher":{"@id":"https:\/\/centralplace.ro\/ro\/#organization"},"potentialAction":[{"@type":"SearchAction","target":{"@type":"EntryPoint","urlTemplate":"https:\/\/centralplace.ro\/ro\/?s={search_term_string}"},"query-input":{"@type":"PropertyValueSpecification","valueRequired":true,"valueName":"search_term_string"}}],"inLanguage":"ro-RO"},{"@type":"Organization","@id":"https:\/\/centralplace.ro\/ro\/#organization","name":"Asocia\u021bia Pro Christo et Ecclesia","url":"https:\/\/centralplace.ro\/ro\/","logo":{"@type":"ImageObject","inLanguage":"ro-RO","@id":"https:\/\/centralplace.ro\/ro\/#\/schema\/logo\/image\/","url":"https:\/\/centralplace.ro\/ro\/wp-content\/uploads\/2023\/11\/celogo-white.png","contentUrl":"https:\/\/centralplace.ro\/ro\/wp-content\/uploads\/2023\/11\/celogo-white.png","width":980,"height":394,"caption":"Asocia\u021bia Pro Christo et Ecclesia"},"image":{"@id":"https:\/\/centralplace.ro\/ro\/#\/schema\/logo\/image\/"}}]}},"_links":{"self":[{"href":"https:\/\/centralplace.ro\/ro\/wp-json\/wp\/v2\/pages\/3587","targetHints":{"allow":["GET"]}}],"collection":[{"href":"https:\/\/centralplace.ro\/ro\/wp-json\/wp\/v2\/pages"}],"about":[{"href":"https:\/\/centralplace.ro\/ro\/wp-json\/wp\/v2\/types\/page"}],"author":[{"embeddable":true,"href":"https:\/\/centralplace.ro\/ro\/wp-json\/wp\/v2\/users\/2"}],"replies":[{"embeddable":true,"href":"https:\/\/centralplace.ro\/ro\/wp-json\/wp\/v2\/comments?post=3587"}],"version-history":[{"count":79,"href":"https:\/\/centralplace.ro\/ro\/wp-json\/wp\/v2\/pages\/3587\/revisions"}],"predecessor-version":[{"id":4576,"href":"https:\/\/centralplace.ro\/ro\/wp-json\/wp\/v2\/pages\/3587\/revisions\/4576"}],"wp:attachment":[{"href":"https:\/\/centralplace.ro\/ro\/wp-json\/wp\/v2\/media?parent=3587"}],"wp:term":[{"taxonomy":"post_tag","embeddable":true,"href":"https:\/\/centralplace.ro\/ro\/wp-json\/wp\/v2\/tags?post=3587"}],"curies":[{"name":"wp","href":"https:\/\/api.w.org\/{rel}","templated":true}]}}