{"id":1730,"date":"2022-10-11T15:55:59","date_gmt":"2022-10-11T12:55:59","guid":{"rendered":"https:\/\/centralplace.ro\/ro\/?page_id=1730"},"modified":"2023-11-08T13:34:59","modified_gmt":"2023-11-08T10:34:59","slug":"ifi","status":"publish","type":"page","link":"https:\/\/centralplace.ro\/ro\/ifi\/","title":{"rendered":"Ifi"},"content":{"rendered":"<div id=\"pl-1730\"  class=\"panel-layout\" ><div id=\"pg-1730-0\"  class=\"panel-grid panel-has-style\" ><div class=\"panel-row-style panel-row-style-for-1730-0\" ><div id=\"pgc-1730-0-0\"  class=\"panel-grid-cell\" ><div class=\"panel-cell-style panel-cell-style-for-1730-0-0\" ><div id=\"panel-1730-0-0-0\" class=\"so-panel widget widget_sow-editor panel-first-child panel-last-child\" data-index=\"0\" ><div class=\"proba panel-widget-style panel-widget-style-for-1730-0-0-0\" id=\"proba\" ><div\n\t\t\t\n\t\t\tclass=\"so-widget-sow-editor so-widget-sow-editor-base\"\n\t\t\t\n\t\t>\n<div class=\"siteorigin-widget-tinymce textwidget\">\n\t<h1>Ifi<\/h1>\n<\/div>\n<\/div><\/div><\/div><\/div><\/div><\/div><\/div><div id=\"pg-1730-1\"  class=\"panel-grid panel-has-style\" ><div class=\"panel-row-style panel-row-style-for-1730-1\" ><div id=\"pgc-1730-1-0\"  class=\"panel-grid-cell\" ><div class=\"panel-cell-style panel-cell-style-for-1730-1-0\" ><div id=\"panel-1730-1-0-0\" class=\"so-panel widget widget_media_gallery panel-first-child panel-last-child\" data-index=\"1\" ><div class=\"gallery-columns-1 panel-widget-style panel-widget-style-for-1730-1-0-0\" >\n\t\t<style type=\"text\/css\">\n\t\t\t#gallery-1 {\n\t\t\t\tmargin: auto;\n\t\t\t}\n\t\t\t#gallery-1 .gallery-item {\n\t\t\t\tfloat: left;\n\t\t\t\tmargin-top: 10px;\n\t\t\t\ttext-align: center;\n\t\t\t\twidth: 100%;\n\t\t\t}\n\t\t\t#gallery-1 img {\n\t\t\t\tborder: 2px solid #cfcfcf;\n\t\t\t}\n\t\t\t#gallery-1 .gallery-caption {\n\t\t\t\tmargin-left: 0;\n\t\t\t}\n\t\t\t\/* see gallery_shortcode() in wp-includes\/media.php *\/\n\t\t<\/style>\n\t\t<div id='gallery-1' class='gallery galleryid-1730 gallery-columns-1 gallery-size-full'><dl class='gallery-item'>\n\t\t\t<dt class='gallery-icon landscape'>\n\t\t\t\t<a href='https:\/\/centralplace.ro\/ro\/wp-content\/uploads\/2023\/10\/DJI_0766-scaled.jpg'><img fetchpriority=\"high\" decoding=\"async\" width=\"2560\" height=\"1440\" src=\"https:\/\/centralplace.ro\/ro\/wp-content\/uploads\/2023\/10\/DJI_0766-scaled.jpg\" class=\"attachment-full size-full\" alt=\"\" srcset=\"https:\/\/centralplace.ro\/ro\/wp-content\/uploads\/2023\/10\/DJI_0766-scaled.jpg 2560w, https:\/\/centralplace.ro\/ro\/wp-content\/uploads\/2023\/10\/DJI_0766-300x169.jpg 300w, https:\/\/centralplace.ro\/ro\/wp-content\/uploads\/2023\/10\/DJI_0766-1024x576.jpg 1024w, https:\/\/centralplace.ro\/ro\/wp-content\/uploads\/2023\/10\/DJI_0766-768x432.jpg 768w, https:\/\/centralplace.ro\/ro\/wp-content\/uploads\/2023\/10\/DJI_0766-1536x864.jpg 1536w, https:\/\/centralplace.ro\/ro\/wp-content\/uploads\/2023\/10\/DJI_0766-2048x1152.jpg 2048w\" sizes=\"(max-width: 2560px) 100vw, 2560px\" \/><\/a>\n\t\t\t<\/dt><\/dl><br style=\"clear: both\" \/>\n\t\t<\/div>\n<\/div><\/div><\/div><\/div><div id=\"pgc-1730-1-1\"  class=\"panel-grid-cell\" ><div id=\"panel-1730-1-1-0\" class=\"so-panel widget widget_text panel-first-child\" data-index=\"2\" ><div class=\"panel-widget-style panel-widget-style-for-1730-1-1-0\" >\t\t\t<div class=\"textwidget\"><ul>\n<li><strong>Megrendezve:\u00a0<\/strong>hetente<\/li>\n<li><strong>L\u00e9tsz\u00e1m: <\/strong>20-40\u00a0 szem\u00e9ly<\/li>\n<\/ul>\n<\/div>\n\t\t<\/div><\/div><div id=\"panel-1730-1-1-1\" class=\"so-panel widget widget_text panel-last-child\" data-index=\"3\" >\t\t\t<div class=\"textwidget\"><p>Az ifj\u00fas\u00e1gi Biblia\u00f3ra 14-30 \u00e9ves koroszt\u00e1ly sz\u00e1m\u00e1ra ny\u00fajt igei t\u00e1pl\u00e1l\u00e9kot. Az alkalom alatt zajlik a k\u00f6z\u00f6s \u00e9nekl\u00e9s \u00e9s im\u00e1dkoz\u00e1s, szabadon v\u00e1lasztott t\u00e9ma megbesz\u00e9l\u00e9se a Biblia f\u00e9ny\u00e9ben, vacsora bar\u00e1ti k\u00f6rben, sz\u00fclinaposok meg\u00fcnnepl\u00e9se.<\/p>\n<\/div>\n\t\t<\/div><\/div><\/div><\/div><div id=\"pg-1730-2\"  class=\"panel-grid panel-has-style\" ><div class=\"panel-row-style panel-row-style-for-1730-2\" ><div id=\"pgc-1730-2-0\"  class=\"panel-grid-cell\" ><div class=\"panel-cell-style panel-cell-style-for-1730-2-0\" ><div id=\"panel-1730-2-0-0\" class=\"so-panel widget widget_text panel-first-child\" data-index=\"4\" ><div class=\"panel-widget-style panel-widget-style-for-1730-2-0-0\" >\t\t\t<div class=\"textwidget\"><h4 style=\"color: green;\"><strong>C\u00e9l:<\/strong><\/h4>\n<\/div>\n\t\t<\/div><\/div><div id=\"panel-1730-2-0-1\" class=\"so-panel widget widget_text panel-last-child\" data-index=\"5\" ><div class=\"panel-widget-style panel-widget-style-for-1730-2-0-1\" >\t\t\t<div class=\"textwidget\"><ul>\n<li>lelki fel\u00fcd\u00fcl\u00e9s<\/li>\n<li>Istennel \u00e9s a k\u00f6z\u00f6ss\u00e9ggel val\u00f3 kapcsolat er\u0151s\u00edt\u00e9se<\/li>\n<li>az Ige k\u00f6nnyebb meg\u00e9rt\u00e9se<\/li>\n<li>\u00faj bar\u00e1ts\u00e1gok kialak\u00edt\u00e1sa<\/li>\n<\/ul>\n<\/div>\n\t\t<\/div><\/div><\/div><\/div><div id=\"pgc-1730-2-1\"  class=\"panel-grid-cell\" ><div id=\"panel-1730-2-1-0\" class=\"so-panel widget widget_media_gallery panel-first-child panel-last-child\" data-index=\"6\" ><div class=\"gallery-columns-1 panel-widget-style panel-widget-style-for-1730-2-1-0\" >\n\t\t<style type=\"text\/css\">\n\t\t\t#gallery-2 {\n\t\t\t\tmargin: auto;\n\t\t\t}\n\t\t\t#gallery-2 .gallery-item {\n\t\t\t\tfloat: left;\n\t\t\t\tmargin-top: 10px;\n\t\t\t\ttext-align: center;\n\t\t\t\twidth: 100%;\n\t\t\t}\n\t\t\t#gallery-2 img {\n\t\t\t\tborder: 2px solid #cfcfcf;\n\t\t\t}\n\t\t\t#gallery-2 .gallery-caption {\n\t\t\t\tmargin-left: 0;\n\t\t\t}\n\t\t\t\/* see gallery_shortcode() in wp-includes\/media.php *\/\n\t\t<\/style>\n\t\t<div id='gallery-2' class='gallery galleryid-1730 gallery-columns-1 gallery-size-large'><dl class='gallery-item'>\n\t\t\t<dt class='gallery-icon landscape'>\n\t\t\t\t<a href='https:\/\/centralplace.ro\/ro\/wp-content\/uploads\/2023\/09\/375455398_2921660774643296_8313021797699807458_n.jpeg'><img decoding=\"async\" width=\"1024\" height=\"576\" src=\"https:\/\/centralplace.ro\/ro\/wp-content\/uploads\/2023\/09\/375455398_2921660774643296_8313021797699807458_n-1024x576.jpeg\" class=\"attachment-large size-large\" alt=\"\" srcset=\"https:\/\/centralplace.ro\/ro\/wp-content\/uploads\/2023\/09\/375455398_2921660774643296_8313021797699807458_n-1024x576.jpeg 1024w, https:\/\/centralplace.ro\/ro\/wp-content\/uploads\/2023\/09\/375455398_2921660774643296_8313021797699807458_n-300x169.jpeg 300w, https:\/\/centralplace.ro\/ro\/wp-content\/uploads\/2023\/09\/375455398_2921660774643296_8313021797699807458_n-768x432.jpeg 768w, https:\/\/centralplace.ro\/ro\/wp-content\/uploads\/2023\/09\/375455398_2921660774643296_8313021797699807458_n-1536x864.jpeg 1536w, https:\/\/centralplace.ro\/ro\/wp-content\/uploads\/2023\/09\/375455398_2921660774643296_8313021797699807458_n.jpeg 2048w\" sizes=\"(max-width: 1024px) 100vw, 1024px\" \/><\/a>\n\t\t\t<\/dt><\/dl><br style=\"clear: both\" \/>\n\t\t<\/div>\n<\/div><\/div><\/div><\/div><\/div><div id=\"pg-1730-3\"  class=\"panel-grid panel-no-style\" ><div id=\"pgc-1730-3-0\"  class=\"panel-grid-cell\" ><div id=\"panel-1730-3-0-0\" class=\"so-panel widget widget_text panel-first-child\" data-index=\"7\" ><div class=\"panel-widget-style panel-widget-style-for-1730-3-0-0\" >\t\t\t<div class=\"textwidget\"><h4 style=\"color: green;\"><strong>Csatlakozz hozz\u00e1nk te is:<\/strong><\/h4>\n<\/div>\n\t\t<\/div><\/div><div id=\"panel-1730-3-0-1\" class=\"so-panel widget widget_text panel-last-child\" data-index=\"8\" ><div class=\"panel-widget-style panel-widget-style-for-1730-3-0-1\" >\t\t\t<div class=\"textwidget\"><div id=\"pg-1730-4\" class=\"panel-grid panel-no-style\">\n<div id=\"pgc-1730-4-1\" class=\"panel-grid-cell\">\n<div id=\"panel-1730-4-1-0\" class=\"so-panel widget widget_text panel-first-child panel-last-child\" data-index=\"8\">\n<div class=\"panel-widget-style panel-widget-style-for-1730-4-1-0\">\n<div class=\"textwidget\">\n<p>Minden szerd\u00e1n 7-\u00f3r\u00e1t\u00f3l tal\u00e1lkozunk.<br \/>\nGyere s legy\u00e9l r\u00e9sze egy vag\u00e1ny k\u00f6z\u00f6ss\u00e9gnek, bar\u00e1ti t\u00e1rsa\u00e1gnak, ahol k\u00f6z\u00f6sen min\u0151s\u00e9gi id\u0151t t\u00f6lt\u00fcnk egy\u00fctt.<br \/>\nK\u00f6z\u00f6s h\u00e9tv\u00e9gi programokat szervez\u00fck.<br \/>\nIsten az \u00f6r\u00f6mre h\u00edv! Mi igyeksz\u00fcnk ebben \u00e9lni, s \u00e9lvezni az \u00e9letet!<br \/>\nA kereszt\u00e9ny \u00e9let egy nagy kaland\u00a0\ud83d\ude00<\/p>\n<p>Gyere legy\u00e9l te is r\u00e9sze!<\/p>\n<\/div>\n<\/div>\n<\/div>\n<\/div>\n<\/div>\n<\/div>\n\t\t<\/div><\/div><\/div><\/div><\/div>","protected":false},"excerpt":{"rendered":"<p>Ifi Megrendezve:\u00a0hetente L\u00e9tsz\u00e1m: 20-40\u00a0 szem\u00e9ly Az ifj\u00fas\u00e1gi Biblia\u00f3ra 14-30 \u00e9ves koroszt\u00e1ly sz\u00e1m\u00e1ra ny\u00fajt igei t\u00e1pl\u00e1l\u00e9kot. Az alkalom alatt zajlik a k\u00f6z\u00f6s \u00e9nekl\u00e9s \u00e9s im\u00e1dkoz\u00e1s, szabadon v\u00e1lasztott t\u00e9ma megbesz\u00e9l\u00e9se a Biblia f\u00e9ny\u00e9ben, vacsora bar\u00e1ti k\u00f6rben, sz\u00fclinaposok meg\u00fcnnepl\u00e9se.<\/p>\n","protected":false},"author":2,"featured_media":0,"parent":0,"menu_order":0,"comment_status":"closed","ping_status":"closed","template":"","meta":{"ngg_post_thumbnail":0,"footnotes":""},"tags":[],"class_list":["post-1730","page","type-page","status-publish","hentry"],"yoast_head":"<!-- This site is optimized with the Yoast SEO plugin v27.6 - https:\/\/yoast.com\/product\/yoast-seo-wordpress\/ -->\n<title>Ifi - Asocia\u021bia Pro Christo et Ecclesia<\/title>\n<meta name=\"robots\" content=\"index, follow, max-snippet:-1, max-image-preview:large, max-video-preview:-1\" \/>\n<link rel=\"canonical\" href=\"https:\/\/centralplace.ro\/ro\/ifi\/\" \/>\n<meta property=\"og:locale\" content=\"ro_RO\" \/>\n<meta property=\"og:type\" content=\"article\" \/>\n<meta property=\"og:title\" content=\"Ifi - Asocia\u021bia Pro Christo et Ecclesia\" \/>\n<meta property=\"og:description\" content=\"Ifi Megrendezve:\u00a0hetente L\u00e9tsz\u00e1m: 20-40\u00a0 szem\u00e9ly Az ifj\u00fas\u00e1gi Biblia\u00f3ra 14-30 \u00e9ves koroszt\u00e1ly sz\u00e1m\u00e1ra ny\u00fajt igei t\u00e1pl\u00e1l\u00e9kot. Az alkalom alatt zajlik a k\u00f6z\u00f6s \u00e9nekl\u00e9s \u00e9s im\u00e1dkoz\u00e1s, szabadon v\u00e1lasztott t\u00e9ma megbesz\u00e9l\u00e9se a Biblia f\u00e9ny\u00e9ben, vacsora bar\u00e1ti k\u00f6rben, sz\u00fclinaposok meg\u00fcnnepl\u00e9se.\" \/>\n<meta property=\"og:url\" content=\"https:\/\/centralplace.ro\/ro\/ifi\/\" \/>\n<meta property=\"og:site_name\" content=\"Asocia\u021bia Pro Christo et Ecclesia\" \/>\n<meta property=\"article:modified_time\" content=\"2023-11-08T10:34:59+00:00\" \/>\n<meta name=\"twitter:card\" content=\"summary_large_image\" \/>\n<meta name=\"twitter:label1\" content=\"Timp estimat pentru citire\" \/>\n\t<meta name=\"twitter:data1\" content=\"1 minut\" \/>\n<script type=\"application\/ld+json\" class=\"yoast-schema-graph\">{\"@context\":\"https:\\\/\\\/schema.org\",\"@graph\":[{\"@type\":\"WebPage\",\"@id\":\"https:\\\/\\\/centralplace.ro\\\/ro\\\/ifi\\\/\",\"url\":\"https:\\\/\\\/centralplace.ro\\\/ro\\\/ifi\\\/\",\"name\":\"Ifi - Asocia\u021bia Pro Christo et Ecclesia\",\"isPartOf\":{\"@id\":\"https:\\\/\\\/centralplace.ro\\\/ro\\\/#website\"},\"datePublished\":\"2022-10-11T12:55:59+00:00\",\"dateModified\":\"2023-11-08T10:34:59+00:00\",\"breadcrumb\":{\"@id\":\"https:\\\/\\\/centralplace.ro\\\/ro\\\/ifi\\\/#breadcrumb\"},\"inLanguage\":\"ro-RO\",\"potentialAction\":[{\"@type\":\"ReadAction\",\"target\":[\"https:\\\/\\\/centralplace.ro\\\/ro\\\/ifi\\\/\"]}]},{\"@type\":\"BreadcrumbList\",\"@id\":\"https:\\\/\\\/centralplace.ro\\\/ro\\\/ifi\\\/#breadcrumb\",\"itemListElement\":[{\"@type\":\"ListItem\",\"position\":1,\"name\":\"Home\",\"item\":\"https:\\\/\\\/centralplace.ro\\\/ro\\\/\"},{\"@type\":\"ListItem\",\"position\":2,\"name\":\"Ifi\"}]},{\"@type\":\"WebSite\",\"@id\":\"https:\\\/\\\/centralplace.ro\\\/ro\\\/#website\",\"url\":\"https:\\\/\\\/centralplace.ro\\\/ro\\\/\",\"name\":\"Asocia\u021bia Pro Christo et Ecclesia\",\"description\":\"Filiala Oradea\",\"publisher\":{\"@id\":\"https:\\\/\\\/centralplace.ro\\\/ro\\\/#organization\"},\"potentialAction\":[{\"@type\":\"SearchAction\",\"target\":{\"@type\":\"EntryPoint\",\"urlTemplate\":\"https:\\\/\\\/centralplace.ro\\\/ro\\\/?s={search_term_string}\"},\"query-input\":{\"@type\":\"PropertyValueSpecification\",\"valueRequired\":true,\"valueName\":\"search_term_string\"}}],\"inLanguage\":\"ro-RO\"},{\"@type\":\"Organization\",\"@id\":\"https:\\\/\\\/centralplace.ro\\\/ro\\\/#organization\",\"name\":\"Asocia\u021bia Pro Christo et Ecclesia\",\"url\":\"https:\\\/\\\/centralplace.ro\\\/ro\\\/\",\"logo\":{\"@type\":\"ImageObject\",\"inLanguage\":\"ro-RO\",\"@id\":\"https:\\\/\\\/centralplace.ro\\\/ro\\\/#\\\/schema\\\/logo\\\/image\\\/\",\"url\":\"https:\\\/\\\/centralplace.ro\\\/ro\\\/wp-content\\\/uploads\\\/2023\\\/11\\\/celogo-white.png\",\"contentUrl\":\"https:\\\/\\\/centralplace.ro\\\/ro\\\/wp-content\\\/uploads\\\/2023\\\/11\\\/celogo-white.png\",\"width\":980,\"height\":394,\"caption\":\"Asocia\u021bia Pro Christo et Ecclesia\"},\"image\":{\"@id\":\"https:\\\/\\\/centralplace.ro\\\/ro\\\/#\\\/schema\\\/logo\\\/image\\\/\"}}]}<\/script>\n<!-- \/ Yoast SEO plugin. -->","yoast_head_json":{"title":"Ifi - Asocia\u021bia Pro Christo et Ecclesia","robots":{"index":"index","follow":"follow","max-snippet":"max-snippet:-1","max-image-preview":"max-image-preview:large","max-video-preview":"max-video-preview:-1"},"canonical":"https:\/\/centralplace.ro\/ro\/ifi\/","og_locale":"ro_RO","og_type":"article","og_title":"Ifi - Asocia\u021bia Pro Christo et Ecclesia","og_description":"Ifi Megrendezve:\u00a0hetente L\u00e9tsz\u00e1m: 20-40\u00a0 szem\u00e9ly Az ifj\u00fas\u00e1gi Biblia\u00f3ra 14-30 \u00e9ves koroszt\u00e1ly sz\u00e1m\u00e1ra ny\u00fajt igei t\u00e1pl\u00e1l\u00e9kot. Az alkalom alatt zajlik a k\u00f6z\u00f6s \u00e9nekl\u00e9s \u00e9s im\u00e1dkoz\u00e1s, szabadon v\u00e1lasztott t\u00e9ma megbesz\u00e9l\u00e9se a Biblia f\u00e9ny\u00e9ben, vacsora bar\u00e1ti k\u00f6rben, sz\u00fclinaposok meg\u00fcnnepl\u00e9se.","og_url":"https:\/\/centralplace.ro\/ro\/ifi\/","og_site_name":"Asocia\u021bia Pro Christo et Ecclesia","article_modified_time":"2023-11-08T10:34:59+00:00","twitter_card":"summary_large_image","twitter_misc":{"Timp estimat pentru citire":"1 minut"},"schema":{"@context":"https:\/\/schema.org","@graph":[{"@type":"WebPage","@id":"https:\/\/centralplace.ro\/ro\/ifi\/","url":"https:\/\/centralplace.ro\/ro\/ifi\/","name":"Ifi - Asocia\u021bia Pro Christo et Ecclesia","isPartOf":{"@id":"https:\/\/centralplace.ro\/ro\/#website"},"datePublished":"2022-10-11T12:55:59+00:00","dateModified":"2023-11-08T10:34:59+00:00","breadcrumb":{"@id":"https:\/\/centralplace.ro\/ro\/ifi\/#breadcrumb"},"inLanguage":"ro-RO","potentialAction":[{"@type":"ReadAction","target":["https:\/\/centralplace.ro\/ro\/ifi\/"]}]},{"@type":"BreadcrumbList","@id":"https:\/\/centralplace.ro\/ro\/ifi\/#breadcrumb","itemListElement":[{"@type":"ListItem","position":1,"name":"Home","item":"https:\/\/centralplace.ro\/ro\/"},{"@type":"ListItem","position":2,"name":"Ifi"}]},{"@type":"WebSite","@id":"https:\/\/centralplace.ro\/ro\/#website","url":"https:\/\/centralplace.ro\/ro\/","name":"Asocia\u021bia Pro Christo et Ecclesia","description":"Filiala Oradea","publisher":{"@id":"https:\/\/centralplace.ro\/ro\/#organization"},"potentialAction":[{"@type":"SearchAction","target":{"@type":"EntryPoint","urlTemplate":"https:\/\/centralplace.ro\/ro\/?s={search_term_string}"},"query-input":{"@type":"PropertyValueSpecification","valueRequired":true,"valueName":"search_term_string"}}],"inLanguage":"ro-RO"},{"@type":"Organization","@id":"https:\/\/centralplace.ro\/ro\/#organization","name":"Asocia\u021bia Pro Christo et Ecclesia","url":"https:\/\/centralplace.ro\/ro\/","logo":{"@type":"ImageObject","inLanguage":"ro-RO","@id":"https:\/\/centralplace.ro\/ro\/#\/schema\/logo\/image\/","url":"https:\/\/centralplace.ro\/ro\/wp-content\/uploads\/2023\/11\/celogo-white.png","contentUrl":"https:\/\/centralplace.ro\/ro\/wp-content\/uploads\/2023\/11\/celogo-white.png","width":980,"height":394,"caption":"Asocia\u021bia Pro Christo et Ecclesia"},"image":{"@id":"https:\/\/centralplace.ro\/ro\/#\/schema\/logo\/image\/"}}]}},"_links":{"self":[{"href":"https:\/\/centralplace.ro\/ro\/wp-json\/wp\/v2\/pages\/1730","targetHints":{"allow":["GET"]}}],"collection":[{"href":"https:\/\/centralplace.ro\/ro\/wp-json\/wp\/v2\/pages"}],"about":[{"href":"https:\/\/centralplace.ro\/ro\/wp-json\/wp\/v2\/types\/page"}],"author":[{"embeddable":true,"href":"https:\/\/centralplace.ro\/ro\/wp-json\/wp\/v2\/users\/2"}],"replies":[{"embeddable":true,"href":"https:\/\/centralplace.ro\/ro\/wp-json\/wp\/v2\/comments?post=1730"}],"version-history":[{"count":179,"href":"https:\/\/centralplace.ro\/ro\/wp-json\/wp\/v2\/pages\/1730\/revisions"}],"predecessor-version":[{"id":4051,"href":"https:\/\/centralplace.ro\/ro\/wp-json\/wp\/v2\/pages\/1730\/revisions\/4051"}],"wp:attachment":[{"href":"https:\/\/centralplace.ro\/ro\/wp-json\/wp\/v2\/media?parent=1730"}],"wp:term":[{"taxonomy":"post_tag","embeddable":true,"href":"https:\/\/centralplace.ro\/ro\/wp-json\/wp\/v2\/tags?post=1730"}],"curies":[{"name":"wp","href":"https:\/\/api.w.org\/{rel}","templated":true}]}}