{"id":1485,"date":"2022-10-04T11:50:54","date_gmt":"2022-10-04T08:50:54","guid":{"rendered":"https:\/\/centralplace.ro\/ro\/?page_id=1485"},"modified":"2023-11-23T14:17:21","modified_gmt":"2023-11-23T11:17:21","slug":"granny","status":"publish","type":"page","link":"https:\/\/centralplace.ro\/ro\/granny\/","title":{"rendered":"Granny"},"content":{"rendered":"<div id=\"pl-1485\"  class=\"panel-layout\" ><div id=\"pg-1485-0\"  class=\"panel-grid panel-has-style\" ><div class=\"panel-row-style panel-row-style-for-1485-0\" ><div id=\"pgc-1485-0-0\"  class=\"panel-grid-cell\" ><div class=\"panel-cell-style panel-cell-style-for-1485-0-0\" ><div id=\"panel-1485-0-0-0\" class=\"so-panel widget widget_sow-editor panel-first-child panel-last-child\" data-index=\"0\" ><div class=\"proba panel-widget-style panel-widget-style-for-1485-0-0-0\" id=\"proba\" ><div\n\t\t\t\n\t\t\tclass=\"so-widget-sow-editor so-widget-sow-editor-base\"\n\t\t\t\n\t\t>\n<div class=\"siteorigin-widget-tinymce textwidget\">\n\t<h1>Granny<\/h1>\n<\/div>\n<\/div><\/div><\/div><\/div><\/div><\/div><\/div><div id=\"pg-1485-1\"  class=\"panel-grid panel-has-style\" ><div class=\"panel-row-style panel-row-style-for-1485-1\" ><div id=\"pgc-1485-1-0\"  class=\"panel-grid-cell\" ><div class=\"panel-cell-style panel-cell-style-for-1485-1-0\" ><div id=\"panel-1485-1-0-0\" class=\"so-panel widget widget_media_gallery panel-first-child panel-last-child\" data-index=\"1\" ><div class=\"panel-widget-style panel-widget-style-for-1485-1-0-0\" >\n\t\t<style type=\"text\/css\">\n\t\t\t#gallery-1 {\n\t\t\t\tmargin: auto;\n\t\t\t}\n\t\t\t#gallery-1 .gallery-item {\n\t\t\t\tfloat: left;\n\t\t\t\tmargin-top: 10px;\n\t\t\t\ttext-align: center;\n\t\t\t\twidth: 100%;\n\t\t\t}\n\t\t\t#gallery-1 img {\n\t\t\t\tborder: 2px solid #cfcfcf;\n\t\t\t}\n\t\t\t#gallery-1 .gallery-caption {\n\t\t\t\tmargin-left: 0;\n\t\t\t}\n\t\t\t\/* see gallery_shortcode() in wp-includes\/media.php *\/\n\t\t<\/style>\n\t\t<div id='gallery-1' class='gallery galleryid-1485 gallery-columns-1 gallery-size-full'><dl class='gallery-item'>\n\t\t\t<dt class='gallery-icon landscape'>\n\t\t\t\t<a href='https:\/\/centralplace.ro\/ro\/wp-content\/uploads\/2020\/07\/Granny-projekt-fot\u00f3kban-scaled.jpg'><img fetchpriority=\"high\" decoding=\"async\" width=\"2560\" height=\"1920\" src=\"https:\/\/centralplace.ro\/ro\/wp-content\/uploads\/2020\/07\/Granny-projekt-fot\u00f3kban-scaled.jpg\" class=\"attachment-full size-full\" alt=\"\" srcset=\"https:\/\/centralplace.ro\/ro\/wp-content\/uploads\/2020\/07\/Granny-projekt-fot\u00f3kban-scaled.jpg 2560w, https:\/\/centralplace.ro\/ro\/wp-content\/uploads\/2020\/07\/Granny-projekt-fot\u00f3kban-300x225.jpg 300w, https:\/\/centralplace.ro\/ro\/wp-content\/uploads\/2020\/07\/Granny-projekt-fot\u00f3kban-1024x768.jpg 1024w, https:\/\/centralplace.ro\/ro\/wp-content\/uploads\/2020\/07\/Granny-projekt-fot\u00f3kban-768x576.jpg 768w, https:\/\/centralplace.ro\/ro\/wp-content\/uploads\/2020\/07\/Granny-projekt-fot\u00f3kban-1536x1152.jpg 1536w, https:\/\/centralplace.ro\/ro\/wp-content\/uploads\/2020\/07\/Granny-projekt-fot\u00f3kban-2048x1536.jpg 2048w, https:\/\/centralplace.ro\/ro\/wp-content\/uploads\/2020\/07\/Granny-projekt-fot\u00f3kban-470x352.jpg 470w\" sizes=\"(max-width: 2560px) 100vw, 2560px\" \/><\/a>\n\t\t\t<\/dt><\/dl><br style=\"clear: both\" \/>\n\t\t<\/div>\n<\/div><\/div><\/div><\/div><div id=\"pgc-1485-1-1\"  class=\"panel-grid-cell\" ><div id=\"panel-1485-1-1-0\" class=\"so-panel widget widget_text panel-first-child panel-last-child\" data-index=\"2\" >\t\t\t<div class=\"textwidget\"><p><strong>Anul \u00eenfiin\u021b\u0103rii<\/strong>: 2003<br \/>\n<strong>Profil<\/strong>: Diaconie<br \/>\n<strong>Voluntari<\/strong>: variabil<br \/>\n<strong>Angaja\u021bi<\/strong>: 2<br \/>\n<strong>Coordonator proiect<\/strong>: <a href=\"https:\/\/centralplace.ro\/ro\/csapat\/\">Kondor Erzs\u00e9bet<\/a><br \/>\n<a href=\"tel: 0742-194679\">tel: 0742-194679<\/a>,<br \/>\ne-mail: <a href=\"mailto:erzsebetkondor@gmail.com\">erzsebetkondor@gmail.com<\/a><br \/>\n<strong>Asistent social:<\/strong>\u00a0<a href=\"https:\/\/centralplace.ro\/ro\/csapat\/\">Luk\u00e1cs Ang\u00e9la<\/a><br \/>\n<strong>Beneficiari: <\/strong>150<\/p>\n<\/div>\n\t\t<\/div><\/div><div id=\"pgc-1485-1-2\"  class=\"panel-grid-cell\" ><div id=\"panel-1485-1-2-0\" class=\"so-panel widget widget_media_gallery panel-first-child panel-last-child\" data-index=\"3\" ><div class=\"gallery-columns-1 panel-widget-style panel-widget-style-for-1485-1-2-0\" >\n\t\t<style type=\"text\/css\">\n\t\t\t#gallery-2 {\n\t\t\t\tmargin: auto;\n\t\t\t}\n\t\t\t#gallery-2 .gallery-item {\n\t\t\t\tfloat: left;\n\t\t\t\tmargin-top: 10px;\n\t\t\t\ttext-align: center;\n\t\t\t\twidth: 100%;\n\t\t\t}\n\t\t\t#gallery-2 img {\n\t\t\t\tborder: 2px solid #cfcfcf;\n\t\t\t}\n\t\t\t#gallery-2 .gallery-caption {\n\t\t\t\tmargin-left: 0;\n\t\t\t}\n\t\t\t\/* see gallery_shortcode() in wp-includes\/media.php *\/\n\t\t<\/style>\n\t\t<div id='gallery-2' class='gallery galleryid-1485 gallery-columns-1 gallery-size-medium'><dl class='gallery-item'>\n\t\t\t<dt class='gallery-icon portrait'>\n\t\t\t\t<a href='https:\/\/centralplace.ro\/ro\/wp-content\/uploads\/2020\/07\/keczi-granny-scaled.jpg'><img decoding=\"async\" width=\"225\" height=\"300\" src=\"https:\/\/centralplace.ro\/ro\/wp-content\/uploads\/2020\/07\/keczi-granny-225x300.jpg\" class=\"attachment-medium size-medium\" alt=\"\" srcset=\"https:\/\/centralplace.ro\/ro\/wp-content\/uploads\/2020\/07\/keczi-granny-225x300.jpg 225w, https:\/\/centralplace.ro\/ro\/wp-content\/uploads\/2020\/07\/keczi-granny-768x1024.jpg 768w, https:\/\/centralplace.ro\/ro\/wp-content\/uploads\/2020\/07\/keczi-granny-1152x1536.jpg 1152w, https:\/\/centralplace.ro\/ro\/wp-content\/uploads\/2020\/07\/keczi-granny-1536x2048.jpg 1536w, https:\/\/centralplace.ro\/ro\/wp-content\/uploads\/2020\/07\/keczi-granny-470x626.jpg 470w, https:\/\/centralplace.ro\/ro\/wp-content\/uploads\/2020\/07\/keczi-granny-scaled.jpg 1920w\" sizes=\"(max-width: 225px) 100vw, 225px\" \/><\/a>\n\t\t\t<\/dt><\/dl><br style=\"clear: both\" \/>\n\t\t<\/div>\n<\/div><\/div><\/div><\/div><\/div><div id=\"pg-1485-2\"  class=\"panel-grid panel-no-style\" ><div id=\"pgc-1485-2-0\"  class=\"panel-grid-cell\" ><div id=\"panel-1485-2-0-0\" class=\"so-panel widget widget_text panel-first-child\" data-index=\"4\" ><div class=\"panel-widget-style panel-widget-style-for-1485-2-0-0\" >\t\t\t<div class=\"textwidget\"><h4 style=\"color: green;\"><strong>Scop:<\/strong><\/h4>\n<\/div>\n\t\t<\/div><\/div><div id=\"panel-1485-2-0-1\" class=\"so-panel widget widget_text panel-last-child\" data-index=\"5\" ><div class=\"panel-widget-style panel-widget-style-for-1485-2-0-1\" >\t\t\t<div class=\"textwidget\"><ul>\n<li>includerea \u00een comunitate a v\u00e2rstnicilor izolate<\/li>\n<li>oferirea \u00eengrijirii prin vizite la domiciliu celor, care nu pot participa la activit\u0103\u021bile comunit\u0103\u021bii<\/li>\n<li>oferirea spa\u021biului \u0219i unui ambient receptiv pentru \u00eent\u00e2lniri cu celilal\u021bi v\u00e2rstnici \u0219i cu Dumnezeu<\/li>\n<\/ul>\n<\/div>\n\t\t<\/div><\/div><\/div><div id=\"pgc-1485-2-1\"  class=\"panel-grid-cell\" ><div id=\"panel-1485-2-1-0\" class=\"so-panel widget widget_media_gallery panel-first-child panel-last-child\" data-index=\"6\" ><div class=\"gallery-columns-1 panel-widget-style panel-widget-style-for-1485-2-1-0\" >\n\t\t<style type=\"text\/css\">\n\t\t\t#gallery-3 {\n\t\t\t\tmargin: auto;\n\t\t\t}\n\t\t\t#gallery-3 .gallery-item {\n\t\t\t\tfloat: left;\n\t\t\t\tmargin-top: 10px;\n\t\t\t\ttext-align: center;\n\t\t\t\twidth: 100%;\n\t\t\t}\n\t\t\t#gallery-3 img {\n\t\t\t\tborder: 2px solid #cfcfcf;\n\t\t\t}\n\t\t\t#gallery-3 .gallery-caption {\n\t\t\t\tmargin-left: 0;\n\t\t\t}\n\t\t\t\/* see gallery_shortcode() in wp-includes\/media.php *\/\n\t\t<\/style>\n\t\t<div id='gallery-3' class='gallery galleryid-1485 gallery-columns-1 gallery-size-medium'><dl class='gallery-item'>\n\t\t\t<dt class='gallery-icon portrait'>\n\t\t\t\t<a href='https:\/\/centralplace.ro\/ro\/wp-content\/uploads\/2020\/07\/szalontai-granny-scaled.jpg'><img decoding=\"async\" width=\"168\" height=\"300\" src=\"https:\/\/centralplace.ro\/ro\/wp-content\/uploads\/2020\/07\/szalontai-granny-168x300.jpg\" class=\"attachment-medium size-medium\" alt=\"\" srcset=\"https:\/\/centralplace.ro\/ro\/wp-content\/uploads\/2020\/07\/szalontai-granny-168x300.jpg 168w, https:\/\/centralplace.ro\/ro\/wp-content\/uploads\/2020\/07\/szalontai-granny-572x1024.jpg 572w, https:\/\/centralplace.ro\/ro\/wp-content\/uploads\/2020\/07\/szalontai-granny-768x1374.jpg 768w, https:\/\/centralplace.ro\/ro\/wp-content\/uploads\/2020\/07\/szalontai-granny-858x1536.jpg 858w, https:\/\/centralplace.ro\/ro\/wp-content\/uploads\/2020\/07\/szalontai-granny-1144x2048.jpg 1144w, https:\/\/centralplace.ro\/ro\/wp-content\/uploads\/2020\/07\/szalontai-granny-scaled.jpg 1431w\" sizes=\"(max-width: 168px) 100vw, 168px\" \/><\/a>\n\t\t\t<\/dt><\/dl><br style=\"clear: both\" \/>\n\t\t<\/div>\n<\/div><\/div><\/div><div id=\"pgc-1485-2-2\"  class=\"panel-grid-cell\" ><div id=\"panel-1485-2-2-0\" class=\"so-panel widget widget_text panel-first-child\" data-index=\"7\" ><div class=\"panel-widget-style panel-widget-style-for-1485-2-2-0\" >\t\t\t<div class=\"textwidget\"><h4 style=\"color: green;\"><strong>Activit\u0103\u021bi generale:<\/strong><\/h4>\n<\/div>\n\t\t<\/div><\/div><div id=\"panel-1485-2-2-1\" class=\"so-panel widget widget_text panel-last-child\" data-index=\"8\" ><div class=\"panel-widget-style panel-widget-style-for-1485-2-2-1\" >\t\t\t<div class=\"textwidget\"><ul>\n<li>organizarea ocaziilor comunitare<\/li>\n<li>organizat anual tab\u0103r\u0103 Granny dedicat v\u00e2rstnicilor<\/li>\n<li>consiliere spiritual\u0103 individual\u0103 \u0219i de grup<\/li>\n<li>vizite regulate la domiciliu<\/li>\n<li>includerea voluntarilor \u00een activit\u0103\u021bi<\/li>\n<li>ajutor administrativ<\/li>\n<li>pachet alimentar lunar<\/li>\n<li>ajutor financiar de urgen\u021b\u0103<\/li>\n<li>avtivit\u0103\u021bi de grup: activit\u0103\u021bi DIY, activit\u0103\u021bi culinare, precum prepararea de fursecuri, gem, t\u0103i\u021bei,etc.<\/li>\n<\/ul>\n<\/div>\n\t\t<\/div><\/div><\/div><\/div><div id=\"pg-1485-3\"  class=\"panel-grid panel-no-style\" ><div id=\"pgc-1485-3-0\"  class=\"panel-grid-cell\" ><div id=\"panel-1485-3-0-0\" class=\"so-panel widget widget_text panel-first-child panel-last-child\" data-index=\"9\" ><div class=\"panel-widget-style panel-widget-style-for-1485-3-0-0\" >\t\t\t<div class=\"textwidget\"><p><strong>Motto:<\/strong><\/p>\n<p><em>\u201eForma cea mai \u00eengrozitoare a s\u0103r\u0103ciei este izolarea \u0219i sentimentul inutilit\u0103\u021bii<\/em>.\u201d Maica Tereza<\/p>\n<\/div>\n\t\t<\/div><\/div><\/div><\/div><\/div>","protected":false},"excerpt":{"rendered":"<p>Granny Anul \u00eenfiin\u021b\u0103rii: 2003 Profil: Diaconie Voluntari: variabil Angaja\u021bi: 2 Coordonator proiect: Kondor Erzs\u00e9bet tel: 0742-194679, e-mail: erzsebetkondor@gmail.com Asistent social:\u00a0Luk\u00e1cs Ang\u00e9la Beneficiari: 150<\/p>\n","protected":false},"author":2,"featured_media":0,"parent":0,"menu_order":0,"comment_status":"closed","ping_status":"closed","template":"","meta":{"ngg_post_thumbnail":0,"footnotes":""},"tags":[],"class_list":["post-1485","page","type-page","status-publish","hentry"],"yoast_head":"<!-- This site is optimized with the Yoast SEO plugin v27.6 - https:\/\/yoast.com\/product\/yoast-seo-wordpress\/ -->\n<title>Granny - Asocia\u021bia Pro Christo et Ecclesia<\/title>\n<meta name=\"robots\" content=\"index, follow, max-snippet:-1, max-image-preview:large, max-video-preview:-1\" \/>\n<link rel=\"canonical\" href=\"https:\/\/centralplace.ro\/ro\/granny\/\" \/>\n<meta property=\"og:locale\" content=\"ro_RO\" \/>\n<meta property=\"og:type\" content=\"article\" \/>\n<meta property=\"og:title\" content=\"Granny - Asocia\u021bia Pro Christo et Ecclesia\" \/>\n<meta property=\"og:description\" content=\"Granny Anul \u00eenfiin\u021b\u0103rii: 2003 Profil: Diaconie Voluntari: variabil Angaja\u021bi: 2 Coordonator proiect: Kondor Erzs\u00e9bet tel: 0742-194679, e-mail: erzsebetkondor@gmail.com Asistent social:\u00a0Luk\u00e1cs Ang\u00e9la Beneficiari: 150\" \/>\n<meta property=\"og:url\" content=\"https:\/\/centralplace.ro\/ro\/granny\/\" \/>\n<meta property=\"og:site_name\" content=\"Asocia\u021bia Pro Christo et Ecclesia\" \/>\n<meta property=\"article:modified_time\" content=\"2023-11-23T11:17:21+00:00\" \/>\n<meta name=\"twitter:card\" content=\"summary_large_image\" \/>\n<meta name=\"twitter:label1\" content=\"Timp estimat pentru citire\" \/>\n\t<meta name=\"twitter:data1\" content=\"1 minut\" \/>\n<script type=\"application\/ld+json\" class=\"yoast-schema-graph\">{\"@context\":\"https:\\\/\\\/schema.org\",\"@graph\":[{\"@type\":\"WebPage\",\"@id\":\"https:\\\/\\\/centralplace.ro\\\/ro\\\/granny\\\/\",\"url\":\"https:\\\/\\\/centralplace.ro\\\/ro\\\/granny\\\/\",\"name\":\"Granny - Asocia\u021bia Pro Christo et Ecclesia\",\"isPartOf\":{\"@id\":\"https:\\\/\\\/centralplace.ro\\\/ro\\\/#website\"},\"datePublished\":\"2022-10-04T08:50:54+00:00\",\"dateModified\":\"2023-11-23T11:17:21+00:00\",\"breadcrumb\":{\"@id\":\"https:\\\/\\\/centralplace.ro\\\/ro\\\/granny\\\/#breadcrumb\"},\"inLanguage\":\"ro-RO\",\"potentialAction\":[{\"@type\":\"ReadAction\",\"target\":[\"https:\\\/\\\/centralplace.ro\\\/ro\\\/granny\\\/\"]}]},{\"@type\":\"BreadcrumbList\",\"@id\":\"https:\\\/\\\/centralplace.ro\\\/ro\\\/granny\\\/#breadcrumb\",\"itemListElement\":[{\"@type\":\"ListItem\",\"position\":1,\"name\":\"Home\",\"item\":\"https:\\\/\\\/centralplace.ro\\\/ro\\\/\"},{\"@type\":\"ListItem\",\"position\":2,\"name\":\"Granny\"}]},{\"@type\":\"WebSite\",\"@id\":\"https:\\\/\\\/centralplace.ro\\\/ro\\\/#website\",\"url\":\"https:\\\/\\\/centralplace.ro\\\/ro\\\/\",\"name\":\"Asocia\u021bia Pro Christo et Ecclesia\",\"description\":\"Filiala Oradea\",\"publisher\":{\"@id\":\"https:\\\/\\\/centralplace.ro\\\/ro\\\/#organization\"},\"potentialAction\":[{\"@type\":\"SearchAction\",\"target\":{\"@type\":\"EntryPoint\",\"urlTemplate\":\"https:\\\/\\\/centralplace.ro\\\/ro\\\/?s={search_term_string}\"},\"query-input\":{\"@type\":\"PropertyValueSpecification\",\"valueRequired\":true,\"valueName\":\"search_term_string\"}}],\"inLanguage\":\"ro-RO\"},{\"@type\":\"Organization\",\"@id\":\"https:\\\/\\\/centralplace.ro\\\/ro\\\/#organization\",\"name\":\"Asocia\u021bia Pro Christo et Ecclesia\",\"url\":\"https:\\\/\\\/centralplace.ro\\\/ro\\\/\",\"logo\":{\"@type\":\"ImageObject\",\"inLanguage\":\"ro-RO\",\"@id\":\"https:\\\/\\\/centralplace.ro\\\/ro\\\/#\\\/schema\\\/logo\\\/image\\\/\",\"url\":\"https:\\\/\\\/centralplace.ro\\\/ro\\\/wp-content\\\/uploads\\\/2023\\\/11\\\/celogo-white.png\",\"contentUrl\":\"https:\\\/\\\/centralplace.ro\\\/ro\\\/wp-content\\\/uploads\\\/2023\\\/11\\\/celogo-white.png\",\"width\":980,\"height\":394,\"caption\":\"Asocia\u021bia Pro Christo et Ecclesia\"},\"image\":{\"@id\":\"https:\\\/\\\/centralplace.ro\\\/ro\\\/#\\\/schema\\\/logo\\\/image\\\/\"}}]}<\/script>\n<!-- \/ Yoast SEO plugin. -->","yoast_head_json":{"title":"Granny - Asocia\u021bia Pro Christo et Ecclesia","robots":{"index":"index","follow":"follow","max-snippet":"max-snippet:-1","max-image-preview":"max-image-preview:large","max-video-preview":"max-video-preview:-1"},"canonical":"https:\/\/centralplace.ro\/ro\/granny\/","og_locale":"ro_RO","og_type":"article","og_title":"Granny - Asocia\u021bia Pro Christo et Ecclesia","og_description":"Granny Anul \u00eenfiin\u021b\u0103rii: 2003 Profil: Diaconie Voluntari: variabil Angaja\u021bi: 2 Coordonator proiect: Kondor Erzs\u00e9bet tel: 0742-194679, e-mail: erzsebetkondor@gmail.com Asistent social:\u00a0Luk\u00e1cs Ang\u00e9la Beneficiari: 150","og_url":"https:\/\/centralplace.ro\/ro\/granny\/","og_site_name":"Asocia\u021bia Pro Christo et Ecclesia","article_modified_time":"2023-11-23T11:17:21+00:00","twitter_card":"summary_large_image","twitter_misc":{"Timp estimat pentru citire":"1 minut"},"schema":{"@context":"https:\/\/schema.org","@graph":[{"@type":"WebPage","@id":"https:\/\/centralplace.ro\/ro\/granny\/","url":"https:\/\/centralplace.ro\/ro\/granny\/","name":"Granny - Asocia\u021bia Pro Christo et Ecclesia","isPartOf":{"@id":"https:\/\/centralplace.ro\/ro\/#website"},"datePublished":"2022-10-04T08:50:54+00:00","dateModified":"2023-11-23T11:17:21+00:00","breadcrumb":{"@id":"https:\/\/centralplace.ro\/ro\/granny\/#breadcrumb"},"inLanguage":"ro-RO","potentialAction":[{"@type":"ReadAction","target":["https:\/\/centralplace.ro\/ro\/granny\/"]}]},{"@type":"BreadcrumbList","@id":"https:\/\/centralplace.ro\/ro\/granny\/#breadcrumb","itemListElement":[{"@type":"ListItem","position":1,"name":"Home","item":"https:\/\/centralplace.ro\/ro\/"},{"@type":"ListItem","position":2,"name":"Granny"}]},{"@type":"WebSite","@id":"https:\/\/centralplace.ro\/ro\/#website","url":"https:\/\/centralplace.ro\/ro\/","name":"Asocia\u021bia Pro Christo et Ecclesia","description":"Filiala Oradea","publisher":{"@id":"https:\/\/centralplace.ro\/ro\/#organization"},"potentialAction":[{"@type":"SearchAction","target":{"@type":"EntryPoint","urlTemplate":"https:\/\/centralplace.ro\/ro\/?s={search_term_string}"},"query-input":{"@type":"PropertyValueSpecification","valueRequired":true,"valueName":"search_term_string"}}],"inLanguage":"ro-RO"},{"@type":"Organization","@id":"https:\/\/centralplace.ro\/ro\/#organization","name":"Asocia\u021bia Pro Christo et Ecclesia","url":"https:\/\/centralplace.ro\/ro\/","logo":{"@type":"ImageObject","inLanguage":"ro-RO","@id":"https:\/\/centralplace.ro\/ro\/#\/schema\/logo\/image\/","url":"https:\/\/centralplace.ro\/ro\/wp-content\/uploads\/2023\/11\/celogo-white.png","contentUrl":"https:\/\/centralplace.ro\/ro\/wp-content\/uploads\/2023\/11\/celogo-white.png","width":980,"height":394,"caption":"Asocia\u021bia Pro Christo et Ecclesia"},"image":{"@id":"https:\/\/centralplace.ro\/ro\/#\/schema\/logo\/image\/"}}]}},"_links":{"self":[{"href":"https:\/\/centralplace.ro\/ro\/wp-json\/wp\/v2\/pages\/1485","targetHints":{"allow":["GET"]}}],"collection":[{"href":"https:\/\/centralplace.ro\/ro\/wp-json\/wp\/v2\/pages"}],"about":[{"href":"https:\/\/centralplace.ro\/ro\/wp-json\/wp\/v2\/types\/page"}],"author":[{"embeddable":true,"href":"https:\/\/centralplace.ro\/ro\/wp-json\/wp\/v2\/users\/2"}],"replies":[{"embeddable":true,"href":"https:\/\/centralplace.ro\/ro\/wp-json\/wp\/v2\/comments?post=1485"}],"version-history":[{"count":121,"href":"https:\/\/centralplace.ro\/ro\/wp-json\/wp\/v2\/pages\/1485\/revisions"}],"predecessor-version":[{"id":4448,"href":"https:\/\/centralplace.ro\/ro\/wp-json\/wp\/v2\/pages\/1485\/revisions\/4448"}],"wp:attachment":[{"href":"https:\/\/centralplace.ro\/ro\/wp-json\/wp\/v2\/media?parent=1485"}],"wp:term":[{"taxonomy":"post_tag","embeddable":true,"href":"https:\/\/centralplace.ro\/ro\/wp-json\/wp\/v2\/tags?post=1485"}],"curies":[{"name":"wp","href":"https:\/\/api.w.org\/{rel}","templated":true}]}}